{"id":1280,"date":"2024-03-26T15:20:52","date_gmt":"2024-03-26T14:20:52","guid":{"rendered":"https:\/\/aicy.eu\/objetivos\/"},"modified":"2026-03-04T17:57:38","modified_gmt":"2026-03-04T16:57:38","slug":"objetivos","status":"publish","type":"page","link":"https:\/\/aicy.eu\/es\/objetivos\/","title":{"rendered":"Objetivos"},"content":{"rendered":"<p>[et_pb_section fb_built=\u00bb1&#8243; _builder_version=\u00bb4.22.1&#8243; _module_preset=\u00bbdefault\u00bb custom_margin=\u00bb||||false|false\u00bb custom_padding=\u00bb40px|||||\u00bb global_colors_info=\u00bb{}\u00bb][et_pb_row column_structure=\u00bb2_5,3_5&#8243; use_custom_gutter=\u00bbon\u00bb gutter_width=\u00bb1&#8243; make_equal=\u00bbon\u00bb _builder_version=\u00bb4.24.2&#8243; _module_preset=\u00bbdefault\u00bb custom_margin=\u00bb-2px|auto||auto||\u00bb custom_padding=\u00bb|||0px|false|false\u00bb global_colors_info=\u00bb{}\u00bb][et_pb_column type=\u00bb2_5&#8243; _builder_version=\u00bb4.19.5&#8243; _module_preset=\u00bbdefault\u00bb global_colors_info=\u00bb%91%93&#8243;][et_pb_image src=\u00bbhttps:\/\/aicy.eu\/wp-content\/uploads\/2024\/03\/AICY-Normal-logo-without-text.png\u00bb title_text=\u00bbAICY Normal logo without text\u00bb align=\u00bbright\u00bb _builder_version=\u00bb4.24.2&#8243; _module_preset=\u00bbdefault\u00bb max_width=\u00bb63%\u00bb module_alignment=\u00bbcenter\u00bb custom_padding=\u00bb105px||105px||false|false\u00bb global_colors_info=\u00bb{}\u00bb][\/et_pb_image][\/et_pb_column][et_pb_column type=\u00bb3_5&#8243; _builder_version=\u00bb4.19.5&#8243; _module_preset=\u00bbdefault\u00bb global_colors_info=\u00bb%91%93&#8243;][et_pb_text _builder_version=\u00bb4.24.2&#8243; _module_preset=\u00bbdefault\u00bb global_colors_info=\u00bb{}\u00bb]<\/p>\n<h1>Objetivos<\/h1>\n<p>[\/et_pb_text][et_pb_text _builder_version=\u00bb4.24.3&#8243; _module_preset=\u00bbdefault\u00bb text_font_size=\u00bb18px\u00bb text_line_height=\u00bb1.9em\u00bb width=\u00bb100%\u00bb max_width=\u00bb100%\u00bb module_alignment=\u00bbcenter\u00bb custom_margin=\u00bb|||-214px||\u00bb custom_padding=\u00bb|0px||2px||\u00bb global_colors_info=\u00bb{}\u00bb]<\/p>\n<p>AICY tiene como objetivo principal el\u00a0<strong>desarrollo de metodolog\u00edas de aprendizaje innovadoras en ciberseguridad basadas en inteligencia artificial<\/strong>.<\/p>\n<p><\/p>\n<p>Para ello prev\u00e9 el uso de\u00a0<strong>gamificaci\u00f3n<\/strong>. De este modo, se incorporar\u00e1n al proceso formativo t\u00e9cnicas y din\u00e1micas propias del juego para favorecer una experiencia positiva para el conjunto de estudiantes y el profesorado de Formaci\u00f3n Profesional.<\/p>\n<p><\/p>\n<p>Con este proyecto queremos desarrollar habilidades en TIC, en concreto, capacitar en ciberseguridad. Estas habilidades ocupan un lugar importante en la educaci\u00f3n t\u00e9cnica y profesional.<\/p>\n<p><\/p>\n<p>En este sentido, se desarrollar\u00e1n curr\u00edculos que apoyen la transformaci\u00f3n digital y sean compatibles con las habilidades de empleabilidad, en l\u00ednea con los objetivos de diversas pol\u00edticas de la Uni\u00f3n Europea.<\/p>\n<p><\/p>\n<p>El proyecto desarrollar\u00e1, por tanto, materiales de capacitaci\u00f3n en ciberseguridad apoyados por IA para la formaci\u00f3n profesional, en l\u00ednea con los objetivos de la UE.<\/p>\n<p><\/p>\n<p>En concreto, los objetivos establecidos prev\u00e9n:<\/p>\n<p><\/p>\n<ul>\n<li><strong>Material did\u00e1ctico de ciberseguridad basado en inteligencia artificial.<\/strong><\/li>\n<li><strong>Plataforma de autoevaluaci\u00f3n.<\/strong><\/li>\n<li><strong>Plataforma de e-learning basada en la gamificaci\u00f3n.<\/strong><\/li>\n<\/ul>\n<p>[\/et_pb_text][\/et_pb_column][\/et_pb_row][\/et_pb_section][et_pb_section fb_built=\u00bb1&#8243; admin_label=\u00bbCarousel\u00bb _builder_version=\u00bb4.24.2&#8243; _module_preset=\u00bbdefault\u00bb custom_padding=\u00bb0px|||||\u00bb saved_tabs=\u00bball\u00bb global_colors_info=\u00bb{}\u00bb][et_pb_row column_structure=\u00bb1_6,1_6,1_6,1_6,1_6,1_6&#8243; use_custom_gutter=\u00bbon\u00bb gutter_width=\u00bb2&#8243; _builder_version=\u00bb4.24.2&#8243; _module_preset=\u00bbdefault\u00bb width=\u00bb100%\u00bb max_width=\u00bb1440px\u00bb global_colors_info=\u00bb{}\u00bb][et_pb_column type=\u00bb1_6&#8243; _builder_version=\u00bb4.24.2&#8243; _module_preset=\u00bbdefault\u00bb global_colors_info=\u00bb{}\u00bb][et_pb_image src=\u00bbhttps:\/\/aicy.eu\/wp-content\/uploads\/2024\/03\/udanet.png\u00bb title_text=\u00bbudanet\u00bb _builder_version=\u00bb4.24.2&#8243; _module_preset=\u00bbdefault\u00bb global_colors_info=\u00bb{}\u00bb][\/et_pb_image][\/et_pb_column][et_pb_column type=\u00bb1_6&#8243; _builder_version=\u00bb4.24.2&#8243; _module_preset=\u00bbdefault\u00bb global_colors_info=\u00bb{}\u00bb][et_pb_image src=\u00bbhttps:\/\/aicy.eu\/wp-content\/uploads\/2024\/03\/innomate.png\u00bb title_text=\u00bbinnomate\u00bb _builder_version=\u00bb4.24.2&#8243; _module_preset=\u00bbdefault\u00bb global_colors_info=\u00bb{}\u00bb][\/et_pb_image][\/et_pb_column][et_pb_column type=\u00bb1_6&#8243; _builder_version=\u00bb4.24.2&#8243; _module_preset=\u00bbdefault\u00bb global_colors_info=\u00bb{}\u00bb][et_pb_image src=\u00bbhttps:\/\/aicy.eu\/wp-content\/uploads\/2024\/03\/prz.png\u00bb title_text=\u00bbprz\u00bb _builder_version=\u00bb4.24.2&#8243; _module_preset=\u00bbdefault\u00bb global_colors_info=\u00bb{}\u00bb][\/et_pb_image][\/et_pb_column][et_pb_column type=\u00bb1_6&#8243; _builder_version=\u00bb4.24.2&#8243; _module_preset=\u00bbdefault\u00bb global_colors_info=\u00bb{}\u00bb][et_pb_image src=\u00bbhttps:\/\/aicy.eu\/wp-content\/uploads\/2024\/03\/epralima.png\u00bb title_text=\u00bbepralima\u00bb _builder_version=\u00bb4.24.2&#8243; _module_preset=\u00bbdefault\u00bb global_colors_info=\u00bb{}\u00bb][\/et_pb_image][\/et_pb_column][et_pb_column type=\u00bb1_6&#8243; _builder_version=\u00bb4.24.2&#8243; _module_preset=\u00bbdefault\u00bb global_colors_info=\u00bb{}\u00bb][et_pb_image src=\u00bbhttps:\/\/aicy.eu\/wp-content\/uploads\/2024\/03\/ucll.png\u00bb title_text=\u00bbucll\u00bb _builder_version=\u00bb4.24.2&#8243; _module_preset=\u00bbdefault\u00bb global_colors_info=\u00bb{}\u00bb][\/et_pb_image][\/et_pb_column][et_pb_column type=\u00bb1_6&#8243; _builder_version=\u00bb4.24.2&#8243; _module_preset=\u00bbdefault\u00bb global_colors_info=\u00bb{}\u00bb][et_pb_image src=\u00bbhttps:\/\/aicy.eu\/wp-content\/uploads\/2024\/03\/gestionet.png\u00bb title_text=\u00bbgestionet\u00bb _builder_version=\u00bb4.24.2&#8243; _module_preset=\u00bbdefault\u00bb global_colors_info=\u00bb{}\u00bb][\/et_pb_image][\/et_pb_column][\/et_pb_row][\/et_pb_section][et_pb_section fb_built=\u00bb1&#8243; admin_label=\u00bbSocial\u00bb _builder_version=\u00bb4.19.5&#8243; _module_preset=\u00bbdefault\u00bb background_color=\u00bb#f4f4f4&#8243; background_enable_image=\u00bboff\u00bb global_colors_info=\u00bb{}\u00bb][et_pb_row admin_label=\u00bbRow\u00bb _builder_version=\u00bb4.19.5&#8243; _module_preset=\u00bbdefault\u00bb global_colors_info=\u00bb{}\u00bb][et_pb_column type=\u00bb4_4&#8243; _builder_version=\u00bb4.19.5&#8243; _module_preset=\u00bbdefault\u00bb global_colors_info=\u00bb%91%93&#8243;][et_pb_blurb title=\u00bbAicy\u00bb url_new_window=\u00bbon\u00bb use_icon=\u00bbon\u00bb font_icon=\u00bb&#xf08c;||fa||400&#8243; icon_color=\u00bb#0a66c2&#8243; icon_placement=\u00bbleft\u00bb image_icon_width=\u00bb45px\u00bb content_max_width=\u00bb100%\u00bb admin_label=\u00bbLinkedin\u00bb _builder_version=\u00bb4.24.3&#8243; _module_preset=\u00bbdefault\u00bb header_level=\u00bbh3&#8243; header_font=\u00bbEB Garamond|700|||||||\u00bb header_text_align=\u00bbleft\u00bb header_line_height=\u00bb2em\u00bb link_option_url=\u00bbhttps:\/\/www.linkedin.com\/company\/aicy-ai-cybersecurity-training\/about\/\u00bb link_option_url_new_window=\u00bbon\u00bb global_colors_info=\u00bb{}\u00bb header_text_color__hover_enabled=\u00bbon|hover\u00bb header_text_color__hover=\u00bb#1d9271&#8243;][\/et_pb_blurb][\/et_pb_column][\/et_pb_row][\/et_pb_section][et_pb_section fb_built=\u00bb1&#8243; _builder_version=\u00bb4.22.1&#8243; background_color=\u00bb#212121&#8243; custom_padding=\u00bb0px||2px|||\u00bb global_colors_info=\u00bb{}\u00bb][et_pb_row column_structure=\u00bb1_2,1_2&#8243; admin_label=\u00bbRow\u00bb _builder_version=\u00bb4.27.4&#8243; background_size=\u00bbinitial\u00bb background_position=\u00bbtop_left\u00bb background_repeat=\u00bbrepeat\u00bb locked=\u00bboff\u00bb global_colors_info=\u00bb{}\u00bb][et_pb_column type=\u00bb1_2&#8243; _builder_version=\u00bb4.19.5&#8243; _module_preset=\u00bbdefault\u00bb global_colors_info=\u00bb{}\u00bb][et_pb_image src=\u00bbhttps:\/\/aicy.eu\/wp-content\/uploads\/2024\/03\/EN-Co-Funded-by-the-EU_NEG.png\u00bb title_text=\u00bbEN Co-Funded by the EU_NEG\u00bb _builder_version=\u00bb4.22.1&#8243; _module_preset=\u00bbdefault\u00bb max_width=\u00bb600px\u00bb global_colors_info=\u00bb{}\u00bb][\/et_pb_image][\/et_pb_column][et_pb_column type=\u00bb1_2&#8243; _builder_version=\u00bb4.27.4&#8243; _module_preset=\u00bbdefault\u00bb global_colors_info=\u00bb{}\u00bb][et_pb_image src=\u00bbhttps:\/\/aicy.eu\/wp-content\/uploads\/2025\/10\/SEPIE_erasmus_plus.gif\u00bb title_text=\u00bbSEPIE_erasmus_plus\u00bb align=\u00bbright\u00bb _builder_version=\u00bb4.27.6&#8243; _module_preset=\u00bbdefault\u00bb width=\u00bb270px\u00bb hover_enabled=\u00bb0&#8243; global_colors_info=\u00bb{}\u00bb url=\u00bbhttp:\/\/www.sepie.es\/\u00bb sticky_enabled=\u00bb0&#8243;][\/et_pb_image][\/et_pb_column][\/et_pb_row][et_pb_row admin_label=\u00bbRow\u00bb _builder_version=\u00bb4.22.1&#8243; background_size=\u00bbinitial\u00bb background_position=\u00bbtop_left\u00bb background_repeat=\u00bbrepeat\u00bb global_colors_info=\u00bb{}\u00bb][et_pb_column type=\u00bb4_4&#8243; _builder_version=\u00bb4.19.5&#8243; _module_preset=\u00bbdefault\u00bb global_colors_info=\u00bb{}\u00bb][et_pb_text _builder_version=\u00bb4.24.3&#8243; _module_preset=\u00bbdefault\u00bb text_text_color=\u00bb#f4f4f4&#8243; global_colors_info=\u00bb{}\u00bb]<\/p>\n<p>The project \u201cAI-based Cybersecurity Training with Gamification Techniques\u201d (AICY) is co-funded by the Erasmus+ programme of the European Union (Ref. 2023-1-ES01-KA220-VET-000153926). The content of this website is the sole responsibility of the AICY Partnership and neither the European Commission nor the Spanish Service for the Internationalisation of Education (SEPIE) are responsible for any use that may be made of the information contained therein.<\/p>\n<p>[\/et_pb_text][et_pb_image src=\u00bbhttps:\/\/aicy.eu\/wp-content\/uploads\/2026\/03\/logo-cc.png\u00bb title_text=\u00bblogo cc\u00bb url=\u00bbhttps:\/\/creativecommons.org\/licenses\/by-nc\/4.0\/\u00bb align=\u00bbcenter\u00bb _builder_version=\u00bb4.27.4&#8243; _module_preset=\u00bbdefault\u00bb locked=\u00bboff\u00bb global_colors_info=\u00bb{}\u00bb][\/et_pb_image][\/et_pb_column][\/et_pb_row][\/et_pb_section]<\/p>\n","protected":false},"excerpt":{"rendered":"<p>ObjetivosAICY tiene como objetivo principal el\u00a0desarrollo de metodolog\u00edas de aprendizaje innovadoras en ciberseguridad basadas en inteligencia artificial.Para ello prev\u00e9 el uso de\u00a0gamificaci\u00f3n. De este modo, se incorporar\u00e1n al proceso formativo t\u00e9cnicas y din\u00e1micas propias del juego para favorecer una experiencia positiva para el conjunto de estudiantes y el profesorado de Formaci\u00f3n Profesional.Con este proyecto queremos [&hellip;]<\/p>\n","protected":false},"author":1,"featured_media":0,"parent":0,"menu_order":0,"comment_status":"closed","ping_status":"closed","template":"","meta":{"_et_pb_use_builder":"on","_et_pb_old_content":"","_et_gb_content_width":"","footnotes":""},"class_list":["post-1280","page","type-page","status-publish","hentry"],"yoast_head":"<!-- This site is optimized with the Yoast SEO plugin v27.1.1 - https:\/\/yoast.com\/product\/yoast-seo-wordpress\/ -->\n<title>Objetivos - Aicy<\/title>\n<meta name=\"robots\" content=\"index, follow, max-snippet:-1, max-image-preview:large, max-video-preview:-1\" \/>\n<link rel=\"canonical\" href=\"https:\/\/aicy.eu\/es\/objetivos\/\" \/>\n<meta property=\"og:locale\" content=\"es_ES\" \/>\n<meta property=\"og:type\" content=\"article\" \/>\n<meta property=\"og:title\" content=\"Objetivos - Aicy\" \/>\n<meta property=\"og:description\" content=\"ObjetivosAICY tiene como objetivo principal el\u00a0desarrollo de metodolog\u00edas de aprendizaje innovadoras en ciberseguridad basadas en inteligencia artificial.Para ello prev\u00e9 el uso de\u00a0gamificaci\u00f3n. De este modo, se incorporar\u00e1n al proceso formativo t\u00e9cnicas y din\u00e1micas propias del juego para favorecer una experiencia positiva para el conjunto de estudiantes y el profesorado de Formaci\u00f3n Profesional.Con este proyecto queremos [&hellip;]\" \/>\n<meta property=\"og:url\" content=\"https:\/\/aicy.eu\/es\/objetivos\/\" \/>\n<meta property=\"og:site_name\" content=\"Aicy\" \/>\n<meta property=\"article:modified_time\" content=\"2026-03-04T16:57:38+00:00\" \/>\n<meta name=\"twitter:card\" content=\"summary_large_image\" \/>\n<meta name=\"twitter:label1\" content=\"Tiempo de lectura\" \/>\n\t<meta name=\"twitter:data1\" content=\"6 minutos\" \/>\n<script type=\"application\/ld+json\" class=\"yoast-schema-graph\">{\"@context\":\"https:\/\/schema.org\",\"@graph\":[{\"@type\":\"WebPage\",\"@id\":\"https:\/\/aicy.eu\/es\/objetivos\/\",\"url\":\"https:\/\/aicy.eu\/es\/objetivos\/\",\"name\":\"Objetivos - Aicy\",\"isPartOf\":{\"@id\":\"https:\/\/aicy.eu\/#website\"},\"datePublished\":\"2024-03-26T14:20:52+00:00\",\"dateModified\":\"2026-03-04T16:57:38+00:00\",\"breadcrumb\":{\"@id\":\"https:\/\/aicy.eu\/es\/objetivos\/#breadcrumb\"},\"inLanguage\":\"es\",\"potentialAction\":[{\"@type\":\"ReadAction\",\"target\":[\"https:\/\/aicy.eu\/es\/objetivos\/\"]}]},{\"@type\":\"BreadcrumbList\",\"@id\":\"https:\/\/aicy.eu\/es\/objetivos\/#breadcrumb\",\"itemListElement\":[{\"@type\":\"ListItem\",\"position\":1,\"name\":\"Home\",\"item\":\"https:\/\/aicy.eu\/es\/inicio-2\/\"},{\"@type\":\"ListItem\",\"position\":2,\"name\":\"Objetivos\"}]},{\"@type\":\"WebSite\",\"@id\":\"https:\/\/aicy.eu\/#website\",\"url\":\"https:\/\/aicy.eu\/\",\"name\":\"Aicy\",\"description\":\"\",\"publisher\":{\"@id\":\"https:\/\/aicy.eu\/#organization\"},\"potentialAction\":[{\"@type\":\"SearchAction\",\"target\":{\"@type\":\"EntryPoint\",\"urlTemplate\":\"https:\/\/aicy.eu\/?s={search_term_string}\"},\"query-input\":{\"@type\":\"PropertyValueSpecification\",\"valueRequired\":true,\"valueName\":\"search_term_string\"}}],\"inLanguage\":\"es\"},{\"@type\":\"Organization\",\"@id\":\"https:\/\/aicy.eu\/#organization\",\"name\":\"Aicy\",\"url\":\"https:\/\/aicy.eu\/\",\"logo\":{\"@type\":\"ImageObject\",\"inLanguage\":\"es\",\"@id\":\"https:\/\/aicy.eu\/#\/schema\/logo\/image\/\",\"url\":\"https:\/\/aicy.eu\/wp-content\/uploads\/2024\/03\/AICY-Normal-logo.png\",\"contentUrl\":\"https:\/\/aicy.eu\/wp-content\/uploads\/2024\/03\/AICY-Normal-logo.png\",\"width\":493,\"height\":278,\"caption\":\"Aicy\"},\"image\":{\"@id\":\"https:\/\/aicy.eu\/#\/schema\/logo\/image\/\"}}]}<\/script>\n<!-- \/ Yoast SEO plugin. -->","yoast_head_json":{"title":"Objetivos - Aicy","robots":{"index":"index","follow":"follow","max-snippet":"max-snippet:-1","max-image-preview":"max-image-preview:large","max-video-preview":"max-video-preview:-1"},"canonical":"https:\/\/aicy.eu\/es\/objetivos\/","og_locale":"es_ES","og_type":"article","og_title":"Objetivos - Aicy","og_description":"ObjetivosAICY tiene como objetivo principal el\u00a0desarrollo de metodolog\u00edas de aprendizaje innovadoras en ciberseguridad basadas en inteligencia artificial.Para ello prev\u00e9 el uso de\u00a0gamificaci\u00f3n. De este modo, se incorporar\u00e1n al proceso formativo t\u00e9cnicas y din\u00e1micas propias del juego para favorecer una experiencia positiva para el conjunto de estudiantes y el profesorado de Formaci\u00f3n Profesional.Con este proyecto queremos [&hellip;]","og_url":"https:\/\/aicy.eu\/es\/objetivos\/","og_site_name":"Aicy","article_modified_time":"2026-03-04T16:57:38+00:00","twitter_card":"summary_large_image","twitter_misc":{"Tiempo de lectura":"6 minutos"},"schema":{"@context":"https:\/\/schema.org","@graph":[{"@type":"WebPage","@id":"https:\/\/aicy.eu\/es\/objetivos\/","url":"https:\/\/aicy.eu\/es\/objetivos\/","name":"Objetivos - Aicy","isPartOf":{"@id":"https:\/\/aicy.eu\/#website"},"datePublished":"2024-03-26T14:20:52+00:00","dateModified":"2026-03-04T16:57:38+00:00","breadcrumb":{"@id":"https:\/\/aicy.eu\/es\/objetivos\/#breadcrumb"},"inLanguage":"es","potentialAction":[{"@type":"ReadAction","target":["https:\/\/aicy.eu\/es\/objetivos\/"]}]},{"@type":"BreadcrumbList","@id":"https:\/\/aicy.eu\/es\/objetivos\/#breadcrumb","itemListElement":[{"@type":"ListItem","position":1,"name":"Home","item":"https:\/\/aicy.eu\/es\/inicio-2\/"},{"@type":"ListItem","position":2,"name":"Objetivos"}]},{"@type":"WebSite","@id":"https:\/\/aicy.eu\/#website","url":"https:\/\/aicy.eu\/","name":"Aicy","description":"","publisher":{"@id":"https:\/\/aicy.eu\/#organization"},"potentialAction":[{"@type":"SearchAction","target":{"@type":"EntryPoint","urlTemplate":"https:\/\/aicy.eu\/?s={search_term_string}"},"query-input":{"@type":"PropertyValueSpecification","valueRequired":true,"valueName":"search_term_string"}}],"inLanguage":"es"},{"@type":"Organization","@id":"https:\/\/aicy.eu\/#organization","name":"Aicy","url":"https:\/\/aicy.eu\/","logo":{"@type":"ImageObject","inLanguage":"es","@id":"https:\/\/aicy.eu\/#\/schema\/logo\/image\/","url":"https:\/\/aicy.eu\/wp-content\/uploads\/2024\/03\/AICY-Normal-logo.png","contentUrl":"https:\/\/aicy.eu\/wp-content\/uploads\/2024\/03\/AICY-Normal-logo.png","width":493,"height":278,"caption":"Aicy"},"image":{"@id":"https:\/\/aicy.eu\/#\/schema\/logo\/image\/"}}]}},"_links":{"self":[{"href":"https:\/\/aicy.eu\/es\/wp-json\/wp\/v2\/pages\/1280","targetHints":{"allow":["GET"]}}],"collection":[{"href":"https:\/\/aicy.eu\/es\/wp-json\/wp\/v2\/pages"}],"about":[{"href":"https:\/\/aicy.eu\/es\/wp-json\/wp\/v2\/types\/page"}],"author":[{"embeddable":true,"href":"https:\/\/aicy.eu\/es\/wp-json\/wp\/v2\/users\/1"}],"replies":[{"embeddable":true,"href":"https:\/\/aicy.eu\/es\/wp-json\/wp\/v2\/comments?post=1280"}],"version-history":[{"count":11,"href":"https:\/\/aicy.eu\/es\/wp-json\/wp\/v2\/pages\/1280\/revisions"}],"predecessor-version":[{"id":2565,"href":"https:\/\/aicy.eu\/es\/wp-json\/wp\/v2\/pages\/1280\/revisions\/2565"}],"wp:attachment":[{"href":"https:\/\/aicy.eu\/es\/wp-json\/wp\/v2\/media?parent=1280"}],"curies":[{"name":"wp","href":"https:\/\/api.w.org\/{rel}","templated":true}]}}