{"id":1615,"date":"2024-03-26T15:20:52","date_gmt":"2024-03-26T14:20:52","guid":{"rendered":"https:\/\/aicy.eu\/objetivos\/"},"modified":"2026-03-04T17:58:08","modified_gmt":"2026-03-04T16:58:08","slug":"objetivos","status":"publish","type":"page","link":"https:\/\/aicy.eu\/pt-pt\/objetivos\/","title":{"rendered":"Objetivos"},"content":{"rendered":"<p>[et_pb_section fb_built=&#8221;1&#8243; _builder_version=&#8221;4.22.1&#8243; _module_preset=&#8221;default&#8221; custom_margin=&#8221;||||false|false&#8221; custom_padding=&#8221;40px|||||&#8221; global_colors_info=&#8221;{}&#8221;][et_pb_row column_structure=&#8221;2_5,3_5&#8243; use_custom_gutter=&#8221;on&#8221; gutter_width=&#8221;1&#8243; make_equal=&#8221;on&#8221; _builder_version=&#8221;4.24.2&#8243; _module_preset=&#8221;default&#8221; custom_margin=&#8221;-2px|auto||auto||&#8221; custom_padding=&#8221;|||0px|false|false&#8221; global_colors_info=&#8221;{}&#8221;][et_pb_column type=&#8221;2_5&#8243; _builder_version=&#8221;4.19.5&#8243; _module_preset=&#8221;default&#8221; global_colors_info=&#8221;%91%93&#8243;][et_pb_image src=&#8221;https:\/\/aicy.eu\/wp-content\/uploads\/2024\/03\/AICY-Normal-logo-without-text.png&#8221; title_text=&#8221;AICY Normal logo without text&#8221; align=&#8221;right&#8221; _builder_version=&#8221;4.24.2&#8243; _module_preset=&#8221;default&#8221; max_width=&#8221;63%&#8221; module_alignment=&#8221;center&#8221; custom_padding=&#8221;105px||105px||false|false&#8221; global_colors_info=&#8221;{}&#8221;][\/et_pb_image][\/et_pb_column][et_pb_column type=&#8221;3_5&#8243; _builder_version=&#8221;4.19.5&#8243; _module_preset=&#8221;default&#8221; global_colors_info=&#8221;%91%93&#8243;][et_pb_text _builder_version=&#8221;4.24.2&#8243; _module_preset=&#8221;default&#8221; global_colors_info=&#8221;{}&#8221;]<\/p>\n<h1>Objetivos<\/h1>\n<p>[\/et_pb_text][et_pb_text _builder_version=&#8221;4.24.3&#8243; _module_preset=&#8221;default&#8221; text_font_size=&#8221;18px&#8221; text_line_height=&#8221;1.9em&#8221; width=&#8221;100%&#8221; max_width=&#8221;100%&#8221; module_alignment=&#8221;center&#8221; custom_margin=&#8221;|||-214px||&#8221; custom_padding=&#8221;|0px||2px||&#8221; global_colors_info=&#8221;{}&#8221;]<\/p>\n<p>&#8220;O principal objetivo do AICY \u00e9 desenvolver metodologias de aprendizagem inovadoras no dom\u00ednio da ciberseguran\u00e7a baseadas na intelig\u00eancia artificial.<\/p>\n<p><\/p>\n<p>Para o efeito, prev\u00ea a utiliza\u00e7\u00e3o da gamifica\u00e7\u00e3o. Desta forma, as t\u00e9cnicas e din\u00e2micas de jogo ser\u00e3o incorporadas no processo de forma\u00e7\u00e3o para promover uma experi\u00eancia positiva para todos os alunos e professores da Forma\u00e7\u00e3o Profissional.<\/p>\n<p><\/p>\n<p>Com este projeto, pretendemos desenvolver compet\u00eancias em TIC, especificamente compet\u00eancias em ciberseguran\u00e7a. Estas compet\u00eancias ocupam um lugar importante no ensino t\u00e9cnico e profissional.<\/p>\n<p><\/p>\n<p>Neste sentido, ser\u00e3o desenvolvidos curr\u00edculos que apoiem a transforma\u00e7\u00e3o digital e sejam compat\u00edveis com as compet\u00eancias de empregabilidade, em linha com os objectivos de v\u00e1rias pol\u00edticas da Uni\u00e3o Europeia.<\/p>\n<p><\/p>\n<p>O projeto ir\u00e1, portanto, desenvolver materiais de forma\u00e7\u00e3o em ciberseguran\u00e7a apoiados por IA para a forma\u00e7\u00e3o profissional, em conformidade com os objectivos da UE.<\/p>\n<p><\/p>\n<p>Especificamente, os objectivos estabelecidos prev\u00eam<\/p>\n<p><\/p>\n<ul>\n<li>Materiais de forma\u00e7\u00e3o em ciberseguran\u00e7a baseados em IA.<\/li>\n<li>Plataforma de autoavalia\u00e7\u00e3o.<\/li>\n<li>Plataforma de e-learning baseada na gamifica\u00e7\u00e3o.&#8221;<\/li>\n<\/ul>\n<p>[\/et_pb_text][\/et_pb_column][\/et_pb_row][\/et_pb_section][et_pb_section fb_built=&#8221;1&#8243; admin_label=&#8221;Carousel&#8221; _builder_version=&#8221;4.24.2&#8243; _module_preset=&#8221;default&#8221; custom_padding=&#8221;0px|||||&#8221; saved_tabs=&#8221;all&#8221; global_colors_info=&#8221;{}&#8221;][et_pb_row column_structure=&#8221;1_6,1_6,1_6,1_6,1_6,1_6&#8243; use_custom_gutter=&#8221;on&#8221; gutter_width=&#8221;2&#8243; _builder_version=&#8221;4.24.2&#8243; _module_preset=&#8221;default&#8221; width=&#8221;100%&#8221; max_width=&#8221;1440px&#8221; global_colors_info=&#8221;{}&#8221;][et_pb_column type=&#8221;1_6&#8243; _builder_version=&#8221;4.24.2&#8243; _module_preset=&#8221;default&#8221; global_colors_info=&#8221;{}&#8221;][et_pb_image src=&#8221;https:\/\/aicy.eu\/wp-content\/uploads\/2024\/03\/udanet.png&#8221; title_text=&#8221;udanet&#8221; _builder_version=&#8221;4.24.2&#8243; _module_preset=&#8221;default&#8221; global_colors_info=&#8221;{}&#8221;][\/et_pb_image][\/et_pb_column][et_pb_column type=&#8221;1_6&#8243; _builder_version=&#8221;4.24.2&#8243; _module_preset=&#8221;default&#8221; global_colors_info=&#8221;{}&#8221;][et_pb_image src=&#8221;https:\/\/aicy.eu\/wp-content\/uploads\/2024\/03\/innomate.png&#8221; title_text=&#8221;innomate&#8221; _builder_version=&#8221;4.24.2&#8243; _module_preset=&#8221;default&#8221; global_colors_info=&#8221;{}&#8221;][\/et_pb_image][\/et_pb_column][et_pb_column type=&#8221;1_6&#8243; _builder_version=&#8221;4.24.2&#8243; _module_preset=&#8221;default&#8221; global_colors_info=&#8221;{}&#8221;][et_pb_image src=&#8221;https:\/\/aicy.eu\/wp-content\/uploads\/2024\/03\/prz.png&#8221; title_text=&#8221;prz&#8221; _builder_version=&#8221;4.24.2&#8243; _module_preset=&#8221;default&#8221; global_colors_info=&#8221;{}&#8221;][\/et_pb_image][\/et_pb_column][et_pb_column type=&#8221;1_6&#8243; _builder_version=&#8221;4.24.2&#8243; _module_preset=&#8221;default&#8221; global_colors_info=&#8221;{}&#8221;][et_pb_image src=&#8221;https:\/\/aicy.eu\/wp-content\/uploads\/2024\/03\/epralima.png&#8221; title_text=&#8221;epralima&#8221; _builder_version=&#8221;4.24.2&#8243; _module_preset=&#8221;default&#8221; global_colors_info=&#8221;{}&#8221;][\/et_pb_image][\/et_pb_column][et_pb_column type=&#8221;1_6&#8243; _builder_version=&#8221;4.24.2&#8243; _module_preset=&#8221;default&#8221; global_colors_info=&#8221;{}&#8221;][et_pb_image src=&#8221;https:\/\/aicy.eu\/wp-content\/uploads\/2024\/03\/ucll.png&#8221; title_text=&#8221;ucll&#8221; _builder_version=&#8221;4.24.2&#8243; _module_preset=&#8221;default&#8221; global_colors_info=&#8221;{}&#8221;][\/et_pb_image][\/et_pb_column][et_pb_column type=&#8221;1_6&#8243; _builder_version=&#8221;4.24.2&#8243; _module_preset=&#8221;default&#8221; global_colors_info=&#8221;{}&#8221;][et_pb_image src=&#8221;https:\/\/aicy.eu\/wp-content\/uploads\/2024\/03\/gestionet.png&#8221; title_text=&#8221;gestionet&#8221; _builder_version=&#8221;4.24.2&#8243; _module_preset=&#8221;default&#8221; global_colors_info=&#8221;{}&#8221;][\/et_pb_image][\/et_pb_column][\/et_pb_row][\/et_pb_section][et_pb_section fb_built=&#8221;1&#8243; admin_label=&#8221;Social&#8221; _builder_version=&#8221;4.19.5&#8243; _module_preset=&#8221;default&#8221; background_color=&#8221;#f4f4f4&#8243; background_enable_image=&#8221;off&#8221; global_colors_info=&#8221;{}&#8221;][et_pb_row admin_label=&#8221;Row&#8221; _builder_version=&#8221;4.19.5&#8243; _module_preset=&#8221;default&#8221; global_colors_info=&#8221;{}&#8221;][et_pb_column type=&#8221;4_4&#8243; _builder_version=&#8221;4.19.5&#8243; _module_preset=&#8221;default&#8221; global_colors_info=&#8221;%91%93&#8243;][et_pb_blurb title=&#8221;Aicy&#8221; url_new_window=&#8221;on&#8221; use_icon=&#8221;on&#8221; font_icon=&#8221;&#xf08c;||fa||400&#8243; icon_color=&#8221;#0a66c2&#8243; icon_placement=&#8221;left&#8221; image_icon_width=&#8221;45px&#8221; content_max_width=&#8221;100%&#8221; admin_label=&#8221;Linkedin&#8221; _builder_version=&#8221;4.24.3&#8243; _module_preset=&#8221;default&#8221; header_level=&#8221;h3&#8243; header_font=&#8221;EB Garamond|700|||||||&#8221; header_text_align=&#8221;left&#8221; header_line_height=&#8221;2em&#8221; link_option_url=&#8221;https:\/\/www.linkedin.com\/company\/aicy-ai-cybersecurity-training\/about\/&#8221; link_option_url_new_window=&#8221;on&#8221; global_colors_info=&#8221;{}&#8221; header_text_color__hover_enabled=&#8221;on|hover&#8221; header_text_color__hover=&#8221;#1d9271&#8243;][\/et_pb_blurb][\/et_pb_column][\/et_pb_row][\/et_pb_section][et_pb_section fb_built=&#8221;1&#8243; _builder_version=&#8221;4.22.1&#8243; background_color=&#8221;#212121&#8243; custom_padding=&#8221;0px||2px|||&#8221; global_colors_info=&#8221;{}&#8221;][et_pb_row column_structure=&#8221;1_2,1_2&#8243; admin_label=&#8221;Row&#8221; _builder_version=&#8221;4.27.4&#8243; background_size=&#8221;initial&#8221; background_position=&#8221;top_left&#8221; background_repeat=&#8221;repeat&#8221; locked=&#8221;off&#8221; global_colors_info=&#8221;{}&#8221;][et_pb_column type=&#8221;1_2&#8243; _builder_version=&#8221;4.19.5&#8243; _module_preset=&#8221;default&#8221; global_colors_info=&#8221;{}&#8221;][et_pb_image src=&#8221;https:\/\/aicy.eu\/wp-content\/uploads\/2024\/03\/EN-Co-Funded-by-the-EU_NEG.png&#8221; title_text=&#8221;EN Co-Funded by the EU_NEG&#8221; _builder_version=&#8221;4.22.1&#8243; _module_preset=&#8221;default&#8221; max_width=&#8221;600px&#8221; global_colors_info=&#8221;{}&#8221;][\/et_pb_image][\/et_pb_column][et_pb_column type=&#8221;1_2&#8243; _builder_version=&#8221;4.27.4&#8243; _module_preset=&#8221;default&#8221; global_colors_info=&#8221;{}&#8221;][et_pb_image src=&#8221;https:\/\/aicy.eu\/wp-content\/uploads\/2025\/10\/SEPIE_erasmus_plus.gif&#8221; title_text=&#8221;SEPIE_erasmus_plus&#8221; align=&#8221;right&#8221; _builder_version=&#8221;4.27.6&#8243; _module_preset=&#8221;default&#8221; width=&#8221;270px&#8221; hover_enabled=&#8221;0&#8243; global_colors_info=&#8221;{}&#8221; url=&#8221;http:\/\/www.sepie.es\/&#8221; sticky_enabled=&#8221;0&#8243;][\/et_pb_image][\/et_pb_column][\/et_pb_row][et_pb_row admin_label=&#8221;Row&#8221; _builder_version=&#8221;4.22.1&#8243; background_size=&#8221;initial&#8221; background_position=&#8221;top_left&#8221; background_repeat=&#8221;repeat&#8221; global_colors_info=&#8221;{}&#8221;][et_pb_column type=&#8221;4_4&#8243; _builder_version=&#8221;4.19.5&#8243; _module_preset=&#8221;default&#8221; global_colors_info=&#8221;{}&#8221;][et_pb_text _builder_version=&#8221;4.24.3&#8243; _module_preset=&#8221;default&#8221; text_text_color=&#8221;#f4f4f4&#8243; global_colors_info=&#8221;{}&#8221;]<\/p>\n<p>The project \u201cAI-based Cybersecurity Training with Gamification Techniques\u201d (AICY) is co-funded by the Erasmus+ programme of the European Union (Ref. 2023-1-ES01-KA220-VET-000153926). The content of this website is the sole responsibility of the AICY Partnership and neither the European Commission nor the Spanish Service for the Internationalisation of Education (SEPIE) are responsible for any use that may be made of the information contained therein.<\/p>\n<p>[\/et_pb_text][et_pb_image src=&#8221;https:\/\/aicy.eu\/wp-content\/uploads\/2026\/03\/logo-cc.png&#8221; title_text=&#8221;logo cc&#8221; url=&#8221;https:\/\/creativecommons.org\/licenses\/by-nc\/4.0\/&#8221; align=&#8221;center&#8221; _builder_version=&#8221;4.27.4&#8243; _module_preset=&#8221;default&#8221; locked=&#8221;off&#8221; global_colors_info=&#8221;{}&#8221;][\/et_pb_image][\/et_pb_column][\/et_pb_row][\/et_pb_section]<\/p>\n","protected":false},"excerpt":{"rendered":"<p>Objetivos&#8221;O principal objetivo do AICY \u00e9 desenvolver metodologias de aprendizagem inovadoras no dom\u00ednio da ciberseguran\u00e7a baseadas na intelig\u00eancia artificial.Para o efeito, prev\u00ea a utiliza\u00e7\u00e3o da gamifica\u00e7\u00e3o. Desta forma, as t\u00e9cnicas e din\u00e2micas de jogo ser\u00e3o incorporadas no processo de forma\u00e7\u00e3o para promover uma experi\u00eancia positiva para todos os alunos e professores da Forma\u00e7\u00e3o Profissional.Com este [&hellip;]<\/p>\n","protected":false},"author":1,"featured_media":0,"parent":0,"menu_order":0,"comment_status":"closed","ping_status":"closed","template":"","meta":{"_et_pb_use_builder":"on","_et_pb_old_content":"","_et_gb_content_width":"","footnotes":""},"class_list":["post-1615","page","type-page","status-publish","hentry"],"yoast_head":"<!-- This site is optimized with the Yoast SEO plugin v27.1.1 - https:\/\/yoast.com\/product\/yoast-seo-wordpress\/ -->\n<title>Objetivos - Aicy<\/title>\n<meta name=\"robots\" content=\"index, follow, max-snippet:-1, max-image-preview:large, max-video-preview:-1\" \/>\n<link rel=\"canonical\" href=\"https:\/\/aicy.eu\/pt-pt\/objetivos\/\" \/>\n<meta property=\"og:locale\" content=\"pt_PT\" \/>\n<meta property=\"og:type\" content=\"article\" \/>\n<meta property=\"og:title\" content=\"Objetivos - Aicy\" \/>\n<meta property=\"og:description\" content=\"Objetivos&quot;O principal objetivo do AICY \u00e9 desenvolver metodologias de aprendizagem inovadoras no dom\u00ednio da ciberseguran\u00e7a baseadas na intelig\u00eancia artificial.Para o efeito, prev\u00ea a utiliza\u00e7\u00e3o da gamifica\u00e7\u00e3o. Desta forma, as t\u00e9cnicas e din\u00e2micas de jogo ser\u00e3o incorporadas no processo de forma\u00e7\u00e3o para promover uma experi\u00eancia positiva para todos os alunos e professores da Forma\u00e7\u00e3o Profissional.Com este [&hellip;]\" \/>\n<meta property=\"og:url\" content=\"https:\/\/aicy.eu\/pt-pt\/objetivos\/\" \/>\n<meta property=\"og:site_name\" content=\"Aicy\" \/>\n<meta property=\"article:modified_time\" content=\"2026-03-04T16:58:08+00:00\" \/>\n<meta name=\"twitter:card\" content=\"summary_large_image\" \/>\n<meta name=\"twitter:label1\" content=\"Tempo estimado de leitura\" \/>\n\t<meta name=\"twitter:data1\" content=\"6 minutos\" \/>\n<script type=\"application\/ld+json\" class=\"yoast-schema-graph\">{\"@context\":\"https:\/\/schema.org\",\"@graph\":[{\"@type\":\"WebPage\",\"@id\":\"https:\/\/aicy.eu\/pt-pt\/objetivos\/\",\"url\":\"https:\/\/aicy.eu\/pt-pt\/objetivos\/\",\"name\":\"Objetivos - Aicy\",\"isPartOf\":{\"@id\":\"https:\/\/aicy.eu\/#website\"},\"datePublished\":\"2024-03-26T14:20:52+00:00\",\"dateModified\":\"2026-03-04T16:58:08+00:00\",\"breadcrumb\":{\"@id\":\"https:\/\/aicy.eu\/pt-pt\/objetivos\/#breadcrumb\"},\"inLanguage\":\"pt-PT\",\"potentialAction\":[{\"@type\":\"ReadAction\",\"target\":[\"https:\/\/aicy.eu\/pt-pt\/objetivos\/\"]}]},{\"@type\":\"BreadcrumbList\",\"@id\":\"https:\/\/aicy.eu\/pt-pt\/objetivos\/#breadcrumb\",\"itemListElement\":[{\"@type\":\"ListItem\",\"position\":1,\"name\":\"Home\",\"item\":\"https:\/\/aicy.eu\/pt-pt\/o-projeto\/\"},{\"@type\":\"ListItem\",\"position\":2,\"name\":\"Objetivos\"}]},{\"@type\":\"WebSite\",\"@id\":\"https:\/\/aicy.eu\/#website\",\"url\":\"https:\/\/aicy.eu\/\",\"name\":\"Aicy\",\"description\":\"\",\"publisher\":{\"@id\":\"https:\/\/aicy.eu\/#organization\"},\"potentialAction\":[{\"@type\":\"SearchAction\",\"target\":{\"@type\":\"EntryPoint\",\"urlTemplate\":\"https:\/\/aicy.eu\/?s={search_term_string}\"},\"query-input\":{\"@type\":\"PropertyValueSpecification\",\"valueRequired\":true,\"valueName\":\"search_term_string\"}}],\"inLanguage\":\"pt-PT\"},{\"@type\":\"Organization\",\"@id\":\"https:\/\/aicy.eu\/#organization\",\"name\":\"Aicy\",\"url\":\"https:\/\/aicy.eu\/\",\"logo\":{\"@type\":\"ImageObject\",\"inLanguage\":\"pt-PT\",\"@id\":\"https:\/\/aicy.eu\/#\/schema\/logo\/image\/\",\"url\":\"https:\/\/aicy.eu\/wp-content\/uploads\/2024\/03\/AICY-Normal-logo.png\",\"contentUrl\":\"https:\/\/aicy.eu\/wp-content\/uploads\/2024\/03\/AICY-Normal-logo.png\",\"width\":493,\"height\":278,\"caption\":\"Aicy\"},\"image\":{\"@id\":\"https:\/\/aicy.eu\/#\/schema\/logo\/image\/\"}}]}<\/script>\n<!-- \/ Yoast SEO plugin. -->","yoast_head_json":{"title":"Objetivos - Aicy","robots":{"index":"index","follow":"follow","max-snippet":"max-snippet:-1","max-image-preview":"max-image-preview:large","max-video-preview":"max-video-preview:-1"},"canonical":"https:\/\/aicy.eu\/pt-pt\/objetivos\/","og_locale":"pt_PT","og_type":"article","og_title":"Objetivos - Aicy","og_description":"Objetivos\"O principal objetivo do AICY \u00e9 desenvolver metodologias de aprendizagem inovadoras no dom\u00ednio da ciberseguran\u00e7a baseadas na intelig\u00eancia artificial.Para o efeito, prev\u00ea a utiliza\u00e7\u00e3o da gamifica\u00e7\u00e3o. Desta forma, as t\u00e9cnicas e din\u00e2micas de jogo ser\u00e3o incorporadas no processo de forma\u00e7\u00e3o para promover uma experi\u00eancia positiva para todos os alunos e professores da Forma\u00e7\u00e3o Profissional.Com este [&hellip;]","og_url":"https:\/\/aicy.eu\/pt-pt\/objetivos\/","og_site_name":"Aicy","article_modified_time":"2026-03-04T16:58:08+00:00","twitter_card":"summary_large_image","twitter_misc":{"Tempo estimado de leitura":"6 minutos"},"schema":{"@context":"https:\/\/schema.org","@graph":[{"@type":"WebPage","@id":"https:\/\/aicy.eu\/pt-pt\/objetivos\/","url":"https:\/\/aicy.eu\/pt-pt\/objetivos\/","name":"Objetivos - Aicy","isPartOf":{"@id":"https:\/\/aicy.eu\/#website"},"datePublished":"2024-03-26T14:20:52+00:00","dateModified":"2026-03-04T16:58:08+00:00","breadcrumb":{"@id":"https:\/\/aicy.eu\/pt-pt\/objetivos\/#breadcrumb"},"inLanguage":"pt-PT","potentialAction":[{"@type":"ReadAction","target":["https:\/\/aicy.eu\/pt-pt\/objetivos\/"]}]},{"@type":"BreadcrumbList","@id":"https:\/\/aicy.eu\/pt-pt\/objetivos\/#breadcrumb","itemListElement":[{"@type":"ListItem","position":1,"name":"Home","item":"https:\/\/aicy.eu\/pt-pt\/o-projeto\/"},{"@type":"ListItem","position":2,"name":"Objetivos"}]},{"@type":"WebSite","@id":"https:\/\/aicy.eu\/#website","url":"https:\/\/aicy.eu\/","name":"Aicy","description":"","publisher":{"@id":"https:\/\/aicy.eu\/#organization"},"potentialAction":[{"@type":"SearchAction","target":{"@type":"EntryPoint","urlTemplate":"https:\/\/aicy.eu\/?s={search_term_string}"},"query-input":{"@type":"PropertyValueSpecification","valueRequired":true,"valueName":"search_term_string"}}],"inLanguage":"pt-PT"},{"@type":"Organization","@id":"https:\/\/aicy.eu\/#organization","name":"Aicy","url":"https:\/\/aicy.eu\/","logo":{"@type":"ImageObject","inLanguage":"pt-PT","@id":"https:\/\/aicy.eu\/#\/schema\/logo\/image\/","url":"https:\/\/aicy.eu\/wp-content\/uploads\/2024\/03\/AICY-Normal-logo.png","contentUrl":"https:\/\/aicy.eu\/wp-content\/uploads\/2024\/03\/AICY-Normal-logo.png","width":493,"height":278,"caption":"Aicy"},"image":{"@id":"https:\/\/aicy.eu\/#\/schema\/logo\/image\/"}}]}},"_links":{"self":[{"href":"https:\/\/aicy.eu\/pt-pt\/wp-json\/wp\/v2\/pages\/1615","targetHints":{"allow":["GET"]}}],"collection":[{"href":"https:\/\/aicy.eu\/pt-pt\/wp-json\/wp\/v2\/pages"}],"about":[{"href":"https:\/\/aicy.eu\/pt-pt\/wp-json\/wp\/v2\/types\/page"}],"author":[{"embeddable":true,"href":"https:\/\/aicy.eu\/pt-pt\/wp-json\/wp\/v2\/users\/1"}],"replies":[{"embeddable":true,"href":"https:\/\/aicy.eu\/pt-pt\/wp-json\/wp\/v2\/comments?post=1615"}],"version-history":[{"count":5,"href":"https:\/\/aicy.eu\/pt-pt\/wp-json\/wp\/v2\/pages\/1615\/revisions"}],"predecessor-version":[{"id":2575,"href":"https:\/\/aicy.eu\/pt-pt\/wp-json\/wp\/v2\/pages\/1615\/revisions\/2575"}],"wp:attachment":[{"href":"https:\/\/aicy.eu\/pt-pt\/wp-json\/wp\/v2\/media?parent=1615"}],"curies":[{"name":"wp","href":"https:\/\/api.w.org\/{rel}","templated":true}]}}