{"id":1298,"date":"2024-03-26T16:19:34","date_gmt":"2024-03-26T15:19:34","guid":{"rendered":"https:\/\/aicy.eu\/bulten\/"},"modified":"2026-03-04T10:40:07","modified_gmt":"2026-03-04T09:40:07","slug":"newsletter","status":"publish","type":"page","link":"https:\/\/aicy.eu\/tr\/newsletter\/","title":{"rendered":"B\u00fclten"},"content":{"rendered":"<p>[et_pb_section fb_built=&#8221;1&#8243; _builder_version=&#8221;4.22.1&#8243; _module_preset=&#8221;default&#8221; custom_margin=&#8221;||||false|false&#8221; custom_padding=&#8221;40px|||||&#8221; global_colors_info=&#8221;%91%93&#8243;][et_pb_row column_structure=&#8221;2_5,3_5&#8243; _builder_version=&#8221;4.19.5&#8243; _module_preset=&#8221;default&#8221; custom_margin=&#8221;-2px|auto||auto||&#8221; custom_padding=&#8221;|||0px|false|false&#8221; global_colors_info=&#8221;{}&#8221;][et_pb_column type=&#8221;2_5&#8243; _builder_version=&#8221;4.19.5&#8243; _module_preset=&#8221;default&#8221; global_colors_info=&#8221;{}&#8221;][et_pb_image src=&#8221;https:\/\/aicy.eu\/wp-content\/uploads\/2024\/03\/undraw_envelope_re_f5j4.png&#8221; title_text=&#8221;undraw_envelope_re_f5j4&#8243; _builder_version=&#8221;4.24.2&#8243; _module_preset=&#8221;default&#8221; width=&#8221;90%&#8221; module_alignment=&#8221;right&#8221; custom_margin=&#8221;70px|||||&#8221; custom_padding=&#8221;|||0px|false|false&#8221; global_colors_info=&#8221;{}&#8221;][\/et_pb_image][\/et_pb_column][et_pb_column type=&#8221;3_5&#8243; _builder_version=&#8221;4.19.5&#8243; _module_preset=&#8221;default&#8221; global_colors_info=&#8221;{}&#8221;][et_pb_text _builder_version=&#8221;4.24.3&#8243; _module_preset=&#8221;default&#8221; text_font=&#8221;EB Garamond||||||||&#8221; text_text_color=&#8221;#000000&#8243; text_font_size=&#8221;48px&#8221; header_font_size=&#8221;48px&#8221; custom_padding=&#8221;|||0px||&#8221; global_colors_info=&#8221;%91%93&#8243;]<\/p>\n<h1>Haber b\u00fcltenimize kaydolun<\/h1>\n<p>[\/et_pb_text][et_pb_text _builder_version=&#8221;4.24.3&#8243; _module_preset=&#8221;default&#8221; text_font_size=&#8221;18px&#8221; text_line_height=&#8221;1.9em&#8221; width=&#8221;100%&#8221; max_width=&#8221;100%&#8221; module_alignment=&#8221;center&#8221; custom_margin=&#8221;|||-214px||&#8221; custom_padding=&#8221;|0px||2px||&#8221; global_colors_info=&#8221;%91%93&#8243;]<\/p>\n<p>AICY projesi ile ilgili g\u00fcncel bilgilere sahip olmak ister misiniz? En son haberleri, etkinlikleri, sonu\u00e7lar\u0131 ve \u00e7ok daha fazlas\u0131n\u0131 almak i\u00e7in b\u00fcltenimize abone olun\u2026<\/p>\n<p><\/p>\n<p><a href=\"https:\/\/eepurl.com\/iPDryQ\"><span style=\"text-decoration: underline;\"><strong>\u015eimdi \u00fcye olun<\/strong><\/span><\/a><\/p>\n<p>[\/et_pb_text][\/et_pb_column][\/et_pb_row][\/et_pb_section][et_pb_section fb_built=&#8221;1&#8243; _builder_version=&#8221;4.24.3&#8243; _module_preset=&#8221;default&#8221; global_colors_info=&#8221;{}&#8221;][et_pb_row column_structure=&#8221;1_4,1_4,1_4,1_4&#8243; _builder_version=&#8221;4.24.3&#8243; _module_preset=&#8221;default&#8221; global_colors_info=&#8221;{}&#8221;][et_pb_column type=&#8221;1_4&#8243; _builder_version=&#8221;4.24.3&#8243; _module_preset=&#8221;default&#8221; global_colors_info=&#8221;{}&#8221;][et_pb_icon font_icon=&#8221;&#xf019;||fa||900&#8243; url=&#8221;https:\/\/aicy.eu\/?sdm_process_download=1&amp;download_id=1666&#8243; _builder_version=&#8221;4.24.3&#8243; _module_preset=&#8221;default&#8221; global_colors_info=&#8221;{}&#8221;][\/et_pb_icon][et_pb_text _builder_version=&#8221;4.24.3&#8243; _module_preset=&#8221;default&#8221; text_orientation=&#8221;center&#8221; global_colors_info=&#8221;{}&#8221;]<\/p>\n<p>Aicy Newsletter 1<\/p>\n<p>[\/et_pb_text][\/et_pb_column][et_pb_column type=&#8221;1_4&#8243; _builder_version=&#8221;4.24.3&#8243; _module_preset=&#8221;default&#8221; global_colors_info=&#8221;{}&#8221;][et_pb_icon font_icon=&#8221;&#xf019;||fa||900&#8243; url=&#8221;https:\/\/aicy.eu\/?sdm_process_download=1&amp;download_id=1740&#8243; _builder_version=&#8221;4.24.3&#8243; _module_preset=&#8221;default&#8221; global_colors_info=&#8221;{}&#8221;][\/et_pb_icon][et_pb_text _builder_version=&#8221;4.24.3&#8243; _module_preset=&#8221;default&#8221; text_orientation=&#8221;center&#8221; global_colors_info=&#8221;{}&#8221;]<\/p>\n<p>Aicy Newsletter 2<\/p>\n<p>[\/et_pb_text][\/et_pb_column][et_pb_column type=&#8221;1_4&#8243; _builder_version=&#8221;4.24.3&#8243; _module_preset=&#8221;default&#8221; global_colors_info=&#8221;{}&#8221;][et_pb_icon font_icon=&#8221;&#xf019;||fa||900&#8243; url=&#8221;https:\/\/aicy.eu\/?sdm_process_download=1&amp;download_id=1770&#8243; _builder_version=&#8221;4.27.4&#8243; _module_preset=&#8221;default&#8221; global_colors_info=&#8221;{}&#8221;][\/et_pb_icon][et_pb_text _builder_version=&#8221;4.27.4&#8243; _module_preset=&#8221;default&#8221; text_orientation=&#8221;center&#8221; global_colors_info=&#8221;{}&#8221;]<\/p>\n<p>Aicy Newsletter 3<\/p>\n<p>[\/et_pb_text][\/et_pb_column][et_pb_column type=&#8221;1_4&#8243; _builder_version=&#8221;4.24.3&#8243; _module_preset=&#8221;default&#8221; global_colors_info=&#8221;{}&#8221;][et_pb_icon font_icon=&#8221;&#xf019;||fa||900&#8243; url=&#8221;https:\/\/aicy.eu\/?sdm_process_download=1&amp;download_id=1968&#8243; _builder_version=&#8221;4.27.4&#8243; _module_preset=&#8221;default&#8221; global_colors_info=&#8221;{}&#8221;][\/et_pb_icon][et_pb_text _builder_version=&#8221;4.24.3&#8243; _module_preset=&#8221;default&#8221; text_orientation=&#8221;center&#8221; global_colors_info=&#8221;{}&#8221;]<\/p>\n<p>Aicy Newsletter 4<\/p>\n<p>[\/et_pb_text][\/et_pb_column][\/et_pb_row][\/et_pb_section][et_pb_section fb_built=&#8221;1&#8243; prev_background_color=&#8221;#ffffff&#8221; admin_label=&#8221;Learning&#8221; _builder_version=&#8221;4.24.2&#8243; use_background_color_gradient=&#8221;on&#8221; background_color_gradient_direction=&#8221;147deg&#8221; background_color_gradient_stops=&#8221;#579196 0%|#64bfb9 100%&#8221; background_color_gradient_start=&#8221;#0f1533&#8243; background_color_gradient_end=&#8221;#1f133a&#8221; background_image=&#8221;https:\/\/aicy.eu\/wp-content\/uploads\/2024\/03\/isp-08.png&#8221; parallax=&#8221;on&#8221; max_width=&#8221;90%&#8221; max_width_tablet=&#8221;&#8221; max_width_phone=&#8221;&#8221; max_width_last_edited=&#8221;on|desktop&#8221; module_alignment=&#8221;center&#8221; custom_margin=&#8221;||5vw&#8221; custom_padding=&#8221;14vw||10vw&#8221; top_divider_style=&#8221;wave2&#8243; top_divider_height=&#8221;10vw&#8221; top_divider_repeat=&#8221;0.7x&#8221; top_divider_flip=&#8221;vertical&#8221; animation_style=&#8221;fade&#8221; border_radii=&#8221;on|30px|30px|30px|30px&#8221; global_module=&#8221;1127&#8243; locked=&#8221;off&#8221; global_colors_info=&#8221;{}&#8221;][et_pb_row module_class=&#8221; et_pb_row_fullwidth&#8221; _builder_version=&#8221;4.16&#8243; width=&#8221;89%&#8221; width_tablet=&#8221;80%&#8221; width_phone=&#8221;80%&#8221; width_last_edited=&#8221;on|desktop&#8221; max_width=&#8221;89%&#8221; max_width_tablet=&#8221;80%&#8221; max_width_phone=&#8221;80%&#8221; max_width_last_edited=&#8221;on|desktop&#8221; make_fullwidth=&#8221;on&#8221; global_colors_info=&#8221;{}&#8221;][et_pb_column type=&#8221;4_4&#8243; _builder_version=&#8221;4.16&#8243; custom_padding=&#8221;|||&#8221; global_colors_info=&#8221;{}&#8221; custom_padding__hover=&#8221;|||&#8221;][et_pb_text _builder_version=&#8221;4.24.2&#8243; text_font=&#8221;||||||||&#8221; header_2_font=&#8221;Inter|700|||||||&#8221; header_2_font_size=&#8221;5vw&#8221; header_2_letter_spacing=&#8221;2px&#8221; header_2_line_height=&#8221;1.4em&#8221; header_3_font=&#8221;Poppins|900|on|on|||||&#8221; header_3_text_color=&#8221;rgba(255,255,255,0.7)&#8221; header_3_font_size=&#8221;1.5vw&#8221; header_3_letter_spacing=&#8221;0.8em&#8221; header_3_line_height=&#8221;1.4em&#8221; text_orientation=&#8221;center&#8221; background_layout=&#8221;dark&#8221; inline_fonts=&#8221;Adamina,Inter&#8221; global_colors_info=&#8221;{}&#8221; header_3_font_size__hover=&#8221;22px&#8221; header_3_font_size__hover_enabled=&#8221;22px&#8221; header_3_letter_spacing__hover=&#8221;0px&#8221; header_3_letter_spacing__hover_enabled=&#8221;0px&#8221; header_3_line_height__hover=&#8221;1em&#8221; header_3_line_height__hover_enabled=&#8221;1em&#8221; header_3_text_shadow_style__hover=&#8221;none&#8221; header_3_text_shadow_style__hover_enabled=&#8221;none&#8221; header_3_text_shadow_color__hover=&#8221;rgba(0,0,0,0.4)&#8221; header_3_text_shadow_color__hover_enabled=&#8221;rgba(0,0,0,0.4)&#8221; header_4_font_size__hover=&#8221;18px&#8221; header_4_font_size__hover_enabled=&#8221;18px&#8221; header_4_letter_spacing__hover=&#8221;0px&#8221; header_4_letter_spacing__hover_enabled=&#8221;0px&#8221; header_4_line_height__hover=&#8221;1em&#8221; header_4_line_height__hover_enabled=&#8221;1em&#8221; header_4_text_shadow_style__hover=&#8221;none&#8221; header_4_text_shadow_style__hover_enabled=&#8221;none&#8221; header_4_text_shadow_color__hover=&#8221;rgba(0,0,0,0.4)&#8221; header_4_text_shadow_color__hover_enabled=&#8221;rgba(0,0,0,0.4)&#8221; header_5_font_size__hover=&#8221;16px&#8221; header_5_font_size__hover_enabled=&#8221;16px&#8221; header_5_letter_spacing__hover=&#8221;0px&#8221; header_5_letter_spacing__hover_enabled=&#8221;0px&#8221; header_5_line_height__hover=&#8221;1em&#8221; header_5_line_height__hover_enabled=&#8221;1em&#8221; header_5_text_shadow_style__hover=&#8221;none&#8221; header_5_text_shadow_style__hover_enabled=&#8221;none&#8221; header_5_text_shadow_color__hover=&#8221;rgba(0,0,0,0.4)&#8221; header_5_text_shadow_color__hover_enabled=&#8221;rgba(0,0,0,0.4)&#8221; header_6_font_size__hover=&#8221;14px&#8221; header_6_font_size__hover_enabled=&#8221;14px&#8221; header_6_letter_spacing__hover=&#8221;0px&#8221; header_6_letter_spacing__hover_enabled=&#8221;0px&#8221; header_6_line_height__hover=&#8221;1em&#8221; header_6_line_height__hover_enabled=&#8221;1em&#8221; header_6_text_shadow_style__hover=&#8221;none&#8221; header_6_text_shadow_style__hover_enabled=&#8221;none&#8221; header_6_text_shadow_color__hover=&#8221;rgba(0,0,0,0.4)&#8221; header_6_text_shadow_color__hover_enabled=&#8221;rgba(0,0,0,0.4)&#8221; header_font_size__hover=&#8221;30px&#8221; header_font_size__hover_enabled=&#8221;30px&#8221; header_letter_spacing__hover=&#8221;0px&#8221; header_letter_spacing__hover_enabled=&#8221;0px&#8221; header_text_shadow_style__hover=&#8221;none&#8221; header_text_shadow_style__hover_enabled=&#8221;none&#8221; header_text_shadow_color__hover=&#8221;rgba(0,0,0,0.4)&#8221; header_text_shadow_color__hover_enabled=&#8221;rgba(0,0,0,0.4)&#8221;]<\/p>\n<h2>Learning Platform<\/h2>\n<p>[\/et_pb_text][et_pb_button button_text=&#8221;Learn&#8221; button_alignment=&#8221;center&#8221; _builder_version=&#8221;4.24.2&#8243; button_text_size=&#8221;15px&#8221; button_text_color=&#8221;#579196&#8243; button_bg_color=&#8221;#FFFFFF&#8221; button_border_width=&#8221;16px&#8221; button_border_color=&#8221;rgba(0,0,0,0)&#8221; button_border_radius=&#8221;100px&#8221; button_letter_spacing=&#8221;2px&#8221; button_font=&#8221;Poppins|700||on|||||&#8221; box_shadow_style=&#8221;preset3&#8243; box_shadow_vertical=&#8221;20px&#8221; box_shadow_blur=&#8221;80px&#8221; box_shadow_spread=&#8221;-20px&#8221; locked=&#8221;off&#8221; global_colors_info=&#8221;{}&#8221;][\/et_pb_button][\/et_pb_column][\/et_pb_row][\/et_pb_section][et_pb_section fb_built=&#8221;1&#8243; admin_label=&#8221;Carousel&#8221; _builder_version=&#8221;4.24.2&#8243; _module_preset=&#8221;default&#8221; custom_padding=&#8221;0px|||||&#8221; global_module=&#8221;1128&#8243; saved_tabs=&#8221;all&#8221; global_colors_info=&#8221;{}&#8221;][et_pb_row column_structure=&#8221;1_6,1_6,1_6,1_6,1_6,1_6&#8243; use_custom_gutter=&#8221;on&#8221; gutter_width=&#8221;2&#8243; _builder_version=&#8221;4.24.2&#8243; _module_preset=&#8221;default&#8221; width=&#8221;100%&#8221; max_width=&#8221;1440px&#8221; global_colors_info=&#8221;{}&#8221;][et_pb_column type=&#8221;1_6&#8243; _builder_version=&#8221;4.24.2&#8243; _module_preset=&#8221;default&#8221; global_colors_info=&#8221;{}&#8221;][et_pb_image src=&#8221;https:\/\/aicy.eu\/wp-content\/uploads\/2024\/03\/udanet.png&#8221; title_text=&#8221;udanet&#8221; _builder_version=&#8221;4.24.2&#8243; _module_preset=&#8221;default&#8221; global_colors_info=&#8221;{}&#8221;][\/et_pb_image][\/et_pb_column][et_pb_column type=&#8221;1_6&#8243; _builder_version=&#8221;4.24.2&#8243; _module_preset=&#8221;default&#8221; global_colors_info=&#8221;{}&#8221;][et_pb_image src=&#8221;https:\/\/aicy.eu\/wp-content\/uploads\/2024\/03\/innomate.png&#8221; title_text=&#8221;innomate&#8221; _builder_version=&#8221;4.24.2&#8243; _module_preset=&#8221;default&#8221; global_colors_info=&#8221;{}&#8221;][\/et_pb_image][\/et_pb_column][et_pb_column type=&#8221;1_6&#8243; _builder_version=&#8221;4.24.2&#8243; _module_preset=&#8221;default&#8221; global_colors_info=&#8221;{}&#8221;][et_pb_image src=&#8221;https:\/\/aicy.eu\/wp-content\/uploads\/2024\/03\/prz.png&#8221; title_text=&#8221;prz&#8221; _builder_version=&#8221;4.24.2&#8243; _module_preset=&#8221;default&#8221; global_colors_info=&#8221;{}&#8221;][\/et_pb_image][\/et_pb_column][et_pb_column type=&#8221;1_6&#8243; _builder_version=&#8221;4.24.2&#8243; _module_preset=&#8221;default&#8221; global_colors_info=&#8221;{}&#8221;][et_pb_image src=&#8221;https:\/\/aicy.eu\/wp-content\/uploads\/2024\/03\/epralima.png&#8221; title_text=&#8221;epralima&#8221; _builder_version=&#8221;4.24.2&#8243; _module_preset=&#8221;default&#8221; global_colors_info=&#8221;{}&#8221;][\/et_pb_image][\/et_pb_column][et_pb_column type=&#8221;1_6&#8243; _builder_version=&#8221;4.24.2&#8243; _module_preset=&#8221;default&#8221; global_colors_info=&#8221;{}&#8221;][et_pb_image src=&#8221;https:\/\/aicy.eu\/wp-content\/uploads\/2024\/03\/ucll.png&#8221; title_text=&#8221;ucll&#8221; _builder_version=&#8221;4.24.2&#8243; _module_preset=&#8221;default&#8221; global_colors_info=&#8221;{}&#8221;][\/et_pb_image][\/et_pb_column][et_pb_column type=&#8221;1_6&#8243; _builder_version=&#8221;4.24.2&#8243; _module_preset=&#8221;default&#8221; global_colors_info=&#8221;{}&#8221;][et_pb_image src=&#8221;https:\/\/aicy.eu\/wp-content\/uploads\/2024\/03\/gestionet.png&#8221; title_text=&#8221;gestionet&#8221; _builder_version=&#8221;4.24.2&#8243; _module_preset=&#8221;default&#8221; global_colors_info=&#8221;{}&#8221;][\/et_pb_image][\/et_pb_column][\/et_pb_row][\/et_pb_section][et_pb_section fb_built=&#8221;1&#8243; admin_label=&#8221;Social&#8221; _builder_version=&#8221;4.19.5&#8243; _module_preset=&#8221;default&#8221; background_color=&#8221;#f4f4f4&#8243; background_enable_image=&#8221;off&#8221; global_colors_info=&#8221;%91%93&#8243;][et_pb_row admin_label=&#8221;Row&#8221; _builder_version=&#8221;4.19.5&#8243; _module_preset=&#8221;default&#8221; global_colors_info=&#8221;{}&#8221;][et_pb_column type=&#8221;4_4&#8243; _builder_version=&#8221;4.19.5&#8243; _module_preset=&#8221;default&#8221; global_colors_info=&#8221;{}&#8221;][et_pb_blurb title=&#8221;Ayci&#8221; url_new_window=&#8221;on&#8221; use_icon=&#8221;on&#8221; font_icon=&#8221;&#xf08c;||fa||400&#8243; icon_color=&#8221;#0a66c2&#8243; icon_placement=&#8221;left&#8221; image_icon_width=&#8221;45px&#8221; content_max_width=&#8221;100%&#8221; admin_label=&#8221;Linkedin&#8221; _builder_version=&#8221;4.24.3&#8243; _module_preset=&#8221;default&#8221; header_level=&#8221;h3&#8243; header_font=&#8221;EB Garamond|700|||||||&#8221; header_text_align=&#8221;left&#8221; header_line_height=&#8221;2em&#8221; link_option_url=&#8221;https:\/\/www.linkedin.com\/company\/aicy-ai-cybersecurity-training\/about\/&#8221; link_option_url_new_window=&#8221;on&#8221; global_colors_info=&#8221;{}&#8221; header_text_color__hover_enabled=&#8221;on|hover&#8221; header_text_color__hover=&#8221;#1d9271&#8243;][\/et_pb_blurb][\/et_pb_column][\/et_pb_row][\/et_pb_section][et_pb_section fb_built=&#8221;1&#8243; _builder_version=&#8221;4.22.1&#8243; background_color=&#8221;#212121&#8243; custom_padding=&#8221;0px||2px|||&#8221; global_module=&#8221;194&#8243; locked=&#8221;off&#8221; global_colors_info=&#8221;%91%93&#8243;][et_pb_row column_structure=&#8221;1_2,1_2&#8243; admin_label=&#8221;Row&#8221; _builder_version=&#8221;4.27.4&#8243; background_size=&#8221;initial&#8221; background_position=&#8221;top_left&#8221; background_repeat=&#8221;repeat&#8221; locked=&#8221;off&#8221; global_colors_info=&#8221;{}&#8221;][et_pb_column type=&#8221;1_2&#8243; _builder_version=&#8221;4.19.5&#8243; _module_preset=&#8221;default&#8221; global_colors_info=&#8221;{}&#8221;][et_pb_image src=&#8221;https:\/\/aicy.eu\/wp-content\/uploads\/2024\/03\/EN-Co-Funded-by-the-EU_NEG.png&#8221; title_text=&#8221;EN Co-Funded by the EU_NEG&#8221; _builder_version=&#8221;4.22.1&#8243; _module_preset=&#8221;default&#8221; max_width=&#8221;600px&#8221; global_colors_info=&#8221;{}&#8221;][\/et_pb_image][\/et_pb_column][et_pb_column type=&#8221;1_2&#8243; _builder_version=&#8221;4.27.4&#8243; _module_preset=&#8221;default&#8221; global_colors_info=&#8221;{}&#8221;][et_pb_image src=&#8221;https:\/\/aicy.eu\/wp-content\/uploads\/2025\/10\/SEPIE_erasmus_plus.gif&#8221; title_text=&#8221;SEPIE_erasmus_plus&#8221; align=&#8221;right&#8221; _builder_version=&#8221;4.27.6&#8243; _module_preset=&#8221;default&#8221; width=&#8221;270px&#8221; hover_enabled=&#8221;0&#8243; global_colors_info=&#8221;{}&#8221; url=&#8221;http:\/\/www.sepie.es\/&#8221; sticky_enabled=&#8221;0&#8243;][\/et_pb_image][\/et_pb_column][\/et_pb_row][et_pb_row admin_label=&#8221;Row&#8221; _builder_version=&#8221;4.22.1&#8243; background_size=&#8221;initial&#8221; background_position=&#8221;top_left&#8221; background_repeat=&#8221;repeat&#8221; global_colors_info=&#8221;{}&#8221;][et_pb_column type=&#8221;4_4&#8243; _builder_version=&#8221;4.19.5&#8243; _module_preset=&#8221;default&#8221; global_colors_info=&#8221;{}&#8221;][et_pb_text _builder_version=&#8221;4.24.3&#8243; _module_preset=&#8221;default&#8221; text_text_color=&#8221;#f4f4f4&#8243; global_colors_info=&#8221;{}&#8221;]<\/p>\n<p>The project \u201cAI-based Cybersecurity Training with Gamification Techniques\u201d (AICY) is co-funded by the Erasmus+ programme of the European Union (Ref. 2023-1-ES01-KA220-VET-000153926). The content of this website is the sole responsibility of the AICY Partnership and neither the European Commission nor the Spanish Service for the Internationalisation of Education (SEPIE) are responsible for any use that may be made of the information contained therein.<\/p>\n<p>[\/et_pb_text][et_pb_image src=&#8221;https:\/\/aicy.eu\/wp-content\/uploads\/2026\/03\/logo-cc.png&#8221; title_text=&#8221;logo cc&#8221; url=&#8221;https:\/\/creativecommons.org\/licenses\/by-nc\/4.0\/&#8221; align=&#8221;center&#8221; _builder_version=&#8221;4.27.4&#8243; _module_preset=&#8221;default&#8221; locked=&#8221;off&#8221; global_colors_info=&#8221;{}&#8221;][\/et_pb_image][\/et_pb_column][\/et_pb_row][\/et_pb_section]<\/p>\n","protected":false},"excerpt":{"rendered":"<p>Haber b\u00fcltenimize kaydolunAICY projesi ile ilgili g\u00fcncel bilgilere sahip olmak ister misiniz? En son haberleri, etkinlikleri, sonu\u00e7lar\u0131 ve \u00e7ok daha fazlas\u0131n\u0131 almak i\u00e7in b\u00fcltenimize abone olun\u2026\u015eimdi \u00fcye olunAicy Newsletter 1Aicy Newsletter 2Aicy Newsletter 3Aicy Newsletter 4Learning PlatformThe project \u201cAI-based Cybersecurity Training with Gamification Techniques\u201d (AICY) is co-funded by the Erasmus+ programme of the European Union [&hellip;]<\/p>\n","protected":false},"author":1,"featured_media":0,"parent":0,"menu_order":0,"comment_status":"closed","ping_status":"closed","template":"","meta":{"_et_pb_use_builder":"on","_et_pb_old_content":"","_et_gb_content_width":"","footnotes":""},"class_list":["post-1298","page","type-page","status-publish","hentry"],"yoast_head":"<!-- This site is optimized with the Yoast SEO plugin v27.1.1 - https:\/\/yoast.com\/product\/yoast-seo-wordpress\/ -->\n<title>B\u00fclten - Aicy<\/title>\n<meta name=\"robots\" content=\"index, follow, max-snippet:-1, max-image-preview:large, max-video-preview:-1\" \/>\n<link rel=\"canonical\" href=\"https:\/\/aicy.eu\/tr\/newsletter\/\" \/>\n<meta property=\"og:locale\" content=\"tr_TR\" \/>\n<meta property=\"og:type\" content=\"article\" \/>\n<meta property=\"og:title\" content=\"B\u00fclten - Aicy\" \/>\n<meta property=\"og:description\" content=\"Haber b\u00fcltenimize kaydolunAICY projesi ile ilgili g\u00fcncel bilgilere sahip olmak ister misiniz? En son haberleri, etkinlikleri, sonu\u00e7lar\u0131 ve \u00e7ok daha fazlas\u0131n\u0131 almak i\u00e7in b\u00fcltenimize abone olun\u2026\u015eimdi \u00fcye olunAicy Newsletter 1Aicy Newsletter 2Aicy Newsletter 3Aicy Newsletter 4Learning PlatformThe project \u201cAI-based Cybersecurity Training with Gamification Techniques\u201d (AICY) is co-funded by the Erasmus+ programme of the European Union [&hellip;]\" \/>\n<meta property=\"og:url\" content=\"https:\/\/aicy.eu\/tr\/newsletter\/\" \/>\n<meta property=\"og:site_name\" content=\"Aicy\" \/>\n<meta property=\"article:modified_time\" content=\"2026-03-04T09:40:07+00:00\" \/>\n<meta name=\"twitter:card\" content=\"summary_large_image\" \/>\n<meta name=\"twitter:label1\" content=\"Tahmini okuma s\u00fcresi\" \/>\n\t<meta name=\"twitter:data1\" content=\"9 dakika\" \/>\n<script type=\"application\/ld+json\" class=\"yoast-schema-graph\">{\"@context\":\"https:\/\/schema.org\",\"@graph\":[{\"@type\":\"WebPage\",\"@id\":\"https:\/\/aicy.eu\/tr\/newsletter\/\",\"url\":\"https:\/\/aicy.eu\/tr\/newsletter\/\",\"name\":\"B\u00fclten - Aicy\",\"isPartOf\":{\"@id\":\"https:\/\/aicy.eu\/#website\"},\"datePublished\":\"2024-03-26T15:19:34+00:00\",\"dateModified\":\"2026-03-04T09:40:07+00:00\",\"breadcrumb\":{\"@id\":\"https:\/\/aicy.eu\/tr\/newsletter\/#breadcrumb\"},\"inLanguage\":\"tr\",\"potentialAction\":[{\"@type\":\"ReadAction\",\"target\":[\"https:\/\/aicy.eu\/tr\/newsletter\/\"]}]},{\"@type\":\"BreadcrumbList\",\"@id\":\"https:\/\/aicy.eu\/tr\/newsletter\/#breadcrumb\",\"itemListElement\":[{\"@type\":\"ListItem\",\"position\":1,\"name\":\"Home\",\"item\":\"https:\/\/aicy.eu\/tr\/ana-sayfa\/\"},{\"@type\":\"ListItem\",\"position\":2,\"name\":\"B\u00fclten\"}]},{\"@type\":\"WebSite\",\"@id\":\"https:\/\/aicy.eu\/#website\",\"url\":\"https:\/\/aicy.eu\/\",\"name\":\"Aicy\",\"description\":\"\",\"publisher\":{\"@id\":\"https:\/\/aicy.eu\/#organization\"},\"potentialAction\":[{\"@type\":\"SearchAction\",\"target\":{\"@type\":\"EntryPoint\",\"urlTemplate\":\"https:\/\/aicy.eu\/?s={search_term_string}\"},\"query-input\":{\"@type\":\"PropertyValueSpecification\",\"valueRequired\":true,\"valueName\":\"search_term_string\"}}],\"inLanguage\":\"tr\"},{\"@type\":\"Organization\",\"@id\":\"https:\/\/aicy.eu\/#organization\",\"name\":\"Aicy\",\"url\":\"https:\/\/aicy.eu\/\",\"logo\":{\"@type\":\"ImageObject\",\"inLanguage\":\"tr\",\"@id\":\"https:\/\/aicy.eu\/#\/schema\/logo\/image\/\",\"url\":\"https:\/\/aicy.eu\/wp-content\/uploads\/2024\/03\/AICY-Normal-logo.png\",\"contentUrl\":\"https:\/\/aicy.eu\/wp-content\/uploads\/2024\/03\/AICY-Normal-logo.png\",\"width\":493,\"height\":278,\"caption\":\"Aicy\"},\"image\":{\"@id\":\"https:\/\/aicy.eu\/#\/schema\/logo\/image\/\"}}]}<\/script>\n<!-- \/ Yoast SEO plugin. -->","yoast_head_json":{"title":"B\u00fclten - Aicy","robots":{"index":"index","follow":"follow","max-snippet":"max-snippet:-1","max-image-preview":"max-image-preview:large","max-video-preview":"max-video-preview:-1"},"canonical":"https:\/\/aicy.eu\/tr\/newsletter\/","og_locale":"tr_TR","og_type":"article","og_title":"B\u00fclten - Aicy","og_description":"Haber b\u00fcltenimize kaydolunAICY projesi ile ilgili g\u00fcncel bilgilere sahip olmak ister misiniz? En son haberleri, etkinlikleri, sonu\u00e7lar\u0131 ve \u00e7ok daha fazlas\u0131n\u0131 almak i\u00e7in b\u00fcltenimize abone olun\u2026\u015eimdi \u00fcye olunAicy Newsletter 1Aicy Newsletter 2Aicy Newsletter 3Aicy Newsletter 4Learning PlatformThe project \u201cAI-based Cybersecurity Training with Gamification Techniques\u201d (AICY) is co-funded by the Erasmus+ programme of the European Union [&hellip;]","og_url":"https:\/\/aicy.eu\/tr\/newsletter\/","og_site_name":"Aicy","article_modified_time":"2026-03-04T09:40:07+00:00","twitter_card":"summary_large_image","twitter_misc":{"Tahmini okuma s\u00fcresi":"9 dakika"},"schema":{"@context":"https:\/\/schema.org","@graph":[{"@type":"WebPage","@id":"https:\/\/aicy.eu\/tr\/newsletter\/","url":"https:\/\/aicy.eu\/tr\/newsletter\/","name":"B\u00fclten - Aicy","isPartOf":{"@id":"https:\/\/aicy.eu\/#website"},"datePublished":"2024-03-26T15:19:34+00:00","dateModified":"2026-03-04T09:40:07+00:00","breadcrumb":{"@id":"https:\/\/aicy.eu\/tr\/newsletter\/#breadcrumb"},"inLanguage":"tr","potentialAction":[{"@type":"ReadAction","target":["https:\/\/aicy.eu\/tr\/newsletter\/"]}]},{"@type":"BreadcrumbList","@id":"https:\/\/aicy.eu\/tr\/newsletter\/#breadcrumb","itemListElement":[{"@type":"ListItem","position":1,"name":"Home","item":"https:\/\/aicy.eu\/tr\/ana-sayfa\/"},{"@type":"ListItem","position":2,"name":"B\u00fclten"}]},{"@type":"WebSite","@id":"https:\/\/aicy.eu\/#website","url":"https:\/\/aicy.eu\/","name":"Aicy","description":"","publisher":{"@id":"https:\/\/aicy.eu\/#organization"},"potentialAction":[{"@type":"SearchAction","target":{"@type":"EntryPoint","urlTemplate":"https:\/\/aicy.eu\/?s={search_term_string}"},"query-input":{"@type":"PropertyValueSpecification","valueRequired":true,"valueName":"search_term_string"}}],"inLanguage":"tr"},{"@type":"Organization","@id":"https:\/\/aicy.eu\/#organization","name":"Aicy","url":"https:\/\/aicy.eu\/","logo":{"@type":"ImageObject","inLanguage":"tr","@id":"https:\/\/aicy.eu\/#\/schema\/logo\/image\/","url":"https:\/\/aicy.eu\/wp-content\/uploads\/2024\/03\/AICY-Normal-logo.png","contentUrl":"https:\/\/aicy.eu\/wp-content\/uploads\/2024\/03\/AICY-Normal-logo.png","width":493,"height":278,"caption":"Aicy"},"image":{"@id":"https:\/\/aicy.eu\/#\/schema\/logo\/image\/"}}]}},"_links":{"self":[{"href":"https:\/\/aicy.eu\/tr\/wp-json\/wp\/v2\/pages\/1298","targetHints":{"allow":["GET"]}}],"collection":[{"href":"https:\/\/aicy.eu\/tr\/wp-json\/wp\/v2\/pages"}],"about":[{"href":"https:\/\/aicy.eu\/tr\/wp-json\/wp\/v2\/types\/page"}],"author":[{"embeddable":true,"href":"https:\/\/aicy.eu\/tr\/wp-json\/wp\/v2\/users\/1"}],"replies":[{"embeddable":true,"href":"https:\/\/aicy.eu\/tr\/wp-json\/wp\/v2\/comments?post=1298"}],"version-history":[{"count":20,"href":"https:\/\/aicy.eu\/tr\/wp-json\/wp\/v2\/pages\/1298\/revisions"}],"predecessor-version":[{"id":2558,"href":"https:\/\/aicy.eu\/tr\/wp-json\/wp\/v2\/pages\/1298\/revisions\/2558"}],"wp:attachment":[{"href":"https:\/\/aicy.eu\/tr\/wp-json\/wp\/v2\/media?parent=1298"}],"curies":[{"name":"wp","href":"https:\/\/api.w.org\/{rel}","templated":true}]}}