{"id":2187,"date":"2025-08-21T17:04:53","date_gmt":"2025-08-21T15:04:53","guid":{"rendered":"https:\/\/aicy.eu\/conferences\/"},"modified":"2026-03-03T22:46:20","modified_gmt":"2026-03-03T21:46:20","slug":"conferences","status":"publish","type":"page","link":"https:\/\/aicy.eu\/tr\/conferences\/","title":{"rendered":"Konferanslar"},"content":{"rendered":"<p>[et_pb_section fb_built=&#8221;1&#8243; _builder_version=&#8221;4.27.4&#8243; _module_preset=&#8221;default&#8221; global_colors_info=&#8221;{}&#8221;][et_pb_row _builder_version=&#8221;4.27.4&#8243; _module_preset=&#8221;default&#8221; global_colors_info=&#8221;{}&#8221;][et_pb_column type=&#8221;4_4&#8243; _builder_version=&#8221;4.27.4&#8243; _module_preset=&#8221;default&#8221; global_colors_info=&#8221;{}&#8221;][et_pb_text _builder_version=&#8221;4.27.4&#8243; _module_preset=&#8221;default&#8221; global_colors_info=&#8221;{}&#8221;]<\/p>\n<h1>Konferanslar<\/h1>\n<p>[\/et_pb_text][\/et_pb_column][\/et_pb_row][et_pb_row _builder_version=&#8221;4.27.4&#8243; _module_preset=&#8221;default&#8221; custom_padding=&#8221;20px|20px|20px|20px|false|false&#8221; border_radii=&#8221;on|15px|15px|15px|15px&#8221; box_shadow_style=&#8221;preset1&#8243; global_colors_info=&#8221;{}&#8221;][et_pb_column type=&#8221;4_4&#8243; _builder_version=&#8221;4.27.4&#8243; _module_preset=&#8221;default&#8221; global_colors_info=&#8221;{}&#8221;][et_pb_heading title=&#8221;\u0130talya&#8221; _builder_version=&#8221;4.27.4&#8243; _module_preset=&#8221;default&#8221; title_level=&#8221;h2&#8243; global_colors_info=&#8221;{}&#8221;][\/et_pb_heading][et_pb_text _builder_version=&#8221;4.27.4&#8243; _module_preset=&#8221;default&#8221; global_colors_info=&#8221;{}&#8221;]Konferans, \u0130talyan ortak Udanet taraf\u0131ndan d\u00fczenlendi. 29 May\u0131s 2025\u2019te Pescara Infobasic Srl\u2019de d\u00fczenlenen konferansa, projenin sonu\u00e7lar\u0131n\u0131 incelemek ve de\u011ferlendirmek \u00fczere 25 ki\u015fi kat\u0131ld\u0131:<\/p>\n<p>[\/et_pb_text][et_pb_gallery gallery_ids=&#8221;1826,1861,1854,1847,1840,1833&#8243; posts_number=&#8221;6&#8243; show_title_and_caption=&#8221;off&#8221; show_pagination=&#8221;off&#8221; zoom_icon_color=&#8221;#FFFFFF&#8221; hover_overlay_color=&#8221;RGBA(255,255,255,0)&#8221; hover_icon=&#8221;&#xf00e;||fa||900&#8243; _builder_version=&#8221;4.27.4&#8243; _module_preset=&#8221;default&#8221; border_radii_image=&#8221;on|15px|15px|15px|15px&#8221; global_colors_info=&#8221;{}&#8221;][\/et_pb_gallery][\/et_pb_column][\/et_pb_row][et_pb_row _builder_version=&#8221;4.27.4&#8243; _module_preset=&#8221;default&#8221; custom_margin=&#8221;100px||||false|false&#8221; custom_padding=&#8221;20px|20px|20px|20px|false|false&#8221; border_radii=&#8221;on|15px|15px|15px|15px&#8221; box_shadow_style=&#8221;preset1&#8243; global_colors_info=&#8221;{}&#8221;][et_pb_column type=&#8221;4_4&#8243; _builder_version=&#8221;4.27.4&#8243; _module_preset=&#8221;default&#8221; global_colors_info=&#8221;{}&#8221;][et_pb_heading title=&#8221;\u0130spanya&#8221; _builder_version=&#8221;4.27.4&#8243; _module_preset=&#8221;default&#8221; title_level=&#8221;h2&#8243; global_colors_info=&#8221;{}&#8221;][\/et_pb_heading][et_pb_text _builder_version=&#8221;4.27.4&#8243; _module_preset=&#8221;default&#8221; global_colors_info=&#8221;{}&#8221;]Konferans, \u0130spanyol ortak Gestionet taraf\u0131ndan d\u00fczenlendi. 9 Haziran 2025 tarihinde Beaz-Bilbao\u2019da d\u00fczenlenen konferansa, projenin sonu\u00e7lar\u0131n\u0131 g\u00f6zden ge\u00e7irmek ve de\u011ferlendirmek \u00fczere 33 ki\u015fi kat\u0131ld\u0131:<\/p>\n<p>[\/et_pb_text][et_pb_gallery gallery_ids=&#8221;1868,1875,1882,1889,1896,1903&#8243; posts_number=&#8221;6&#8243; show_title_and_caption=&#8221;off&#8221; show_pagination=&#8221;off&#8221; zoom_icon_color=&#8221;#FFFFFF&#8221; hover_overlay_color=&#8221;RGBA(255,255,255,0)&#8221; hover_icon=&#8221;&#xf00e;||fa||900&#8243; _builder_version=&#8221;4.27.4&#8243; _module_preset=&#8221;default&#8221; border_radii_image=&#8221;on|15px|15px|15px|15px&#8221; global_colors_info=&#8221;{}&#8221;][\/et_pb_gallery][\/et_pb_column][\/et_pb_row][et_pb_row _builder_version=&#8221;4.27.4&#8243; _module_preset=&#8221;default&#8221; custom_margin=&#8221;100px||||false|false&#8221; custom_padding=&#8221;20px|20px|20px|20px|false|false&#8221; border_radii=&#8221;on|15px|15px|15px|15px&#8221; box_shadow_style=&#8221;preset1&#8243; global_colors_info=&#8221;{}&#8221;][et_pb_column type=&#8221;4_4&#8243; _builder_version=&#8221;4.27.4&#8243; _module_preset=&#8221;default&#8221; global_colors_info=&#8221;{}&#8221;][et_pb_heading title=&#8221;Polonya&#8221; _builder_version=&#8221;4.27.4&#8243; _module_preset=&#8221;default&#8221; title_level=&#8221;h2&#8243; global_colors_info=&#8221;{}&#8221;][\/et_pb_heading][et_pb_text _builder_version=&#8221;4.27.4&#8243; _module_preset=&#8221;default&#8221; global_colors_info=&#8221;{}&#8221;]Konferans, Polonyal\u0131 ortak PRZ taraf\u0131ndan d\u00fczenlendi. 10 Haziran 2025 tarihinde Rzesz\u00f3w\u2019da d\u00fczenlenen konferansa, projenin sonu\u00e7lar\u0131n\u0131 g\u00f6zden ge\u00e7irmek ve de\u011ferlendirmek \u00fczere 80 ki\u015fi kat\u0131ld\u0131:<\/p>\n<p>[\/et_pb_text][et_pb_gallery gallery_ids=&#8221;2004,2011,2018,2025,2032,2039,2046,2053&#8243; posts_number=&#8221;8&#8243; show_title_and_caption=&#8221;off&#8221; show_pagination=&#8221;off&#8221; zoom_icon_color=&#8221;#FFFFFF&#8221; hover_overlay_color=&#8221;RGBA(255,255,255,0)&#8221; hover_icon=&#8221;&#xf00e;||fa||900&#8243; _builder_version=&#8221;4.27.4&#8243; _module_preset=&#8221;default&#8221; border_radii_image=&#8221;on|15px|15px|15px|15px&#8221; global_colors_info=&#8221;{}&#8221;][\/et_pb_gallery][\/et_pb_column][\/et_pb_row][et_pb_row _builder_version=&#8221;4.27.4&#8243; _module_preset=&#8221;default&#8221; custom_margin=&#8221;100px||||false|false&#8221; custom_padding=&#8221;20px|20px|20px|20px|false|false&#8221; border_radii=&#8221;on|15px|15px|15px|15px&#8221; box_shadow_style=&#8221;preset1&#8243; global_colors_info=&#8221;{}&#8221;][et_pb_column type=&#8221;4_4&#8243; _builder_version=&#8221;4.27.4&#8243; _module_preset=&#8221;default&#8221; global_colors_info=&#8221;{}&#8221;][et_pb_heading title=&#8221;Bel\u00e7ika&#8221; _builder_version=&#8221;4.27.4&#8243; _module_preset=&#8221;default&#8221; title_level=&#8221;h2&#8243; global_colors_info=&#8221;{}&#8221;][\/et_pb_heading][et_pb_text _builder_version=&#8221;4.27.4&#8243; _module_preset=&#8221;default&#8221; global_colors_info=&#8221;{}&#8221;]Konferans, Bel\u00e7ikal\u0131 ortak UCLL taraf\u0131ndan d\u00fczenlendi. 24 Haziran 2025 tarihinde Diepenbeek\u2019te d\u00fczenlenen konferansa, projenin sonu\u00e7lar\u0131n\u0131 g\u00f6zden ge\u00e7irmek ve de\u011ferlendirmek \u00fczere 22 ki\u015fi kat\u0131ld\u0131:[\/et_pb_text][et_pb_gallery gallery_ids=&#8221;2061,2068,2075,2082,2089,2096&#8243; posts_number=&#8221;8&#8243; show_title_and_caption=&#8221;off&#8221; show_pagination=&#8221;off&#8221; zoom_icon_color=&#8221;#FFFFFF&#8221; hover_overlay_color=&#8221;RGBA(255,255,255,0)&#8221; hover_icon=&#8221;&#xf00e;||fa||900&#8243; _builder_version=&#8221;4.27.4&#8243; _module_preset=&#8221;default&#8221; border_radii_image=&#8221;on|15px|15px|15px|15px&#8221; global_colors_info=&#8221;{}&#8221;][\/et_pb_gallery][\/et_pb_column][\/et_pb_row][et_pb_row _builder_version=&#8221;4.27.4&#8243; _module_preset=&#8221;default&#8221; custom_margin=&#8221;100px||||false|false&#8221; custom_padding=&#8221;20px|20px|20px|20px|false|false&#8221; border_radii=&#8221;on|15px|15px|15px|15px&#8221; box_shadow_style=&#8221;preset1&#8243; global_colors_info=&#8221;{}&#8221;][et_pb_column type=&#8221;4_4&#8243; _builder_version=&#8221;4.27.4&#8243; _module_preset=&#8221;default&#8221; global_colors_info=&#8221;{}&#8221;][et_pb_heading title=&#8221;Portekiz&#8221; _builder_version=&#8221;4.27.4&#8243; _module_preset=&#8221;default&#8221; title_level=&#8221;h2&#8243; global_colors_info=&#8221;{}&#8221;][\/et_pb_heading][et_pb_text _builder_version=&#8221;4.27.4&#8243; _module_preset=&#8221;default&#8221; global_colors_info=&#8221;{}&#8221;]Konferans, Portekizli ortak Epralima taraf\u0131ndan d\u00fczenlendi. Temmuz aylar\u0131nda (15 ve 29) Arcos de Valdevez\u2019de 2 \u00e7al\u0131\u015ftay format\u0131nda d\u00fczenlenen konferansa, projenin sonu\u00e7lar\u0131n\u0131 g\u00f6zden ge\u00e7irmek ve de\u011ferlendirmek \u00fczere 39 ki\u015fi kat\u0131ld\u0131:[\/et_pb_text][et_pb_gallery gallery_ids=&#8221;2103,2110,2117,2124,2131,2138&#8243; posts_number=&#8221;8&#8243; show_title_and_caption=&#8221;off&#8221; show_pagination=&#8221;off&#8221; zoom_icon_color=&#8221;#FFFFFF&#8221; hover_overlay_color=&#8221;RGBA(255,255,255,0)&#8221; hover_icon=&#8221;&#xf00e;||fa||900&#8243; _builder_version=&#8221;4.27.4&#8243; _module_preset=&#8221;default&#8221; border_radii_image=&#8221;on|15px|15px|15px|15px&#8221; global_colors_info=&#8221;{}&#8221;][\/et_pb_gallery][\/et_pb_column][\/et_pb_row][et_pb_row _builder_version=&#8221;4.27.4&#8243; _module_preset=&#8221;default&#8221; custom_margin=&#8221;100px||||false|false&#8221; custom_padding=&#8221;20px|20px|20px|20px|false|false&#8221; border_radii=&#8221;on|15px|15px|15px|15px&#8221; box_shadow_style=&#8221;preset1&#8243; global_colors_info=&#8221;{}&#8221;][et_pb_column type=&#8221;4_4&#8243; _builder_version=&#8221;4.27.4&#8243; _module_preset=&#8221;default&#8221; global_colors_info=&#8221;{}&#8221;][et_pb_heading title=&#8221;T\u00fcrkiye&#8221; _builder_version=&#8221;4.27.4&#8243; _module_preset=&#8221;default&#8221; title_level=&#8221;h2&#8243; global_colors_info=&#8221;{}&#8221;][\/et_pb_heading][et_pb_text _builder_version=&#8221;4.27.4&#8243; _module_preset=&#8221;default&#8221; global_colors_info=&#8221;{}&#8221;]<\/p>\n<p>Konferans, T\u00fcrk ortak Innomate taraf\u0131ndan d\u00fczenlendi. 16 Eyl\u00fcl 2025 tarihinde \u0130stanbul\u2019da d\u00fczenlenen toplant\u0131ya, projenin sonu\u00e7lar\u0131n\u0131 incelemek ve de\u011ferlendirmek \u00fczere 64 ki\u015fi kat\u0131ld\u0131:<\/p>\n<p>[\/et_pb_text][et_pb_gallery gallery_ids=&#8221;2145,2152,2159,2166,2173,2180&#8243; posts_number=&#8221;8&#8243; show_title_and_caption=&#8221;off&#8221; show_pagination=&#8221;off&#8221; zoom_icon_color=&#8221;#FFFFFF&#8221; hover_overlay_color=&#8221;RGBA(255,255,255,0)&#8221; hover_icon=&#8221;&#xf00e;||fa||900&#8243; _builder_version=&#8221;4.27.4&#8243; _module_preset=&#8221;default&#8221; border_radii_image=&#8221;on|15px|15px|15px|15px&#8221; global_colors_info=&#8221;{}&#8221;][\/et_pb_gallery][\/et_pb_column][\/et_pb_row][\/et_pb_section][et_pb_section fb_built=&#8221;1&#8243; admin_label=&#8221;Social&#8221; _builder_version=&#8221;4.19.5&#8243; _module_preset=&#8221;default&#8221; background_color=&#8221;#f4f4f4&#8243; background_enable_image=&#8221;off&#8221; locked=&#8221;off&#8221; global_colors_info=&#8221;%91%93&#8243;][et_pb_row admin_label=&#8221;Row&#8221; _builder_version=&#8221;4.19.5&#8243; _module_preset=&#8221;default&#8221; global_colors_info=&#8221;{}&#8221;][et_pb_column type=&#8221;4_4&#8243; _builder_version=&#8221;4.19.5&#8243; _module_preset=&#8221;default&#8221; global_colors_info=&#8221;{}&#8221;][et_pb_blurb title=&#8221;Aicy&#8221; url_new_window=&#8221;on&#8221; use_icon=&#8221;on&#8221; font_icon=&#8221;&#xf08c;||fa||400&#8243; icon_color=&#8221;#0a66c2&#8243; icon_placement=&#8221;left&#8221; image_icon_width=&#8221;45px&#8221; content_max_width=&#8221;100%&#8221; admin_label=&#8221;Linkedin&#8221; _builder_version=&#8221;4.24.3&#8243; _module_preset=&#8221;default&#8221; header_level=&#8221;h3&#8243; header_font=&#8221;EB Garamond|700|||||||&#8221; header_text_align=&#8221;left&#8221; header_line_height=&#8221;2em&#8221; link_option_url=&#8221;https:\/\/www.linkedin.com\/company\/aicy-ai-cybersecurity-training\/about\/&#8221; link_option_url_new_window=&#8221;on&#8221; global_colors_info=&#8221;{}&#8221; header_text_color__hover_enabled=&#8221;on|hover&#8221; header_text_color__hover=&#8221;#1d9271&#8243;][\/et_pb_blurb][\/et_pb_column][\/et_pb_row][\/et_pb_section][et_pb_section fb_built=&#8221;1&#8243; _builder_version=&#8221;4.22.1&#8243; background_color=&#8221;#212121&#8243; custom_padding=&#8221;0px||2px|||&#8221; global_module=&#8221;194&#8243; locked=&#8221;off&#8221; global_colors_info=&#8221;%91%93&#8243;][et_pb_row column_structure=&#8221;1_2,1_2&#8243; admin_label=&#8221;Row&#8221; _builder_version=&#8221;4.27.4&#8243; background_size=&#8221;initial&#8221; background_position=&#8221;top_left&#8221; background_repeat=&#8221;repeat&#8221; global_colors_info=&#8221;{}&#8221; locked=&#8221;off&#8221;][et_pb_column type=&#8221;1_2&#8243; _builder_version=&#8221;4.19.5&#8243; _module_preset=&#8221;default&#8221; global_colors_info=&#8221;{}&#8221;][et_pb_image src=&#8221;https:\/\/aicy.eu\/wp-content\/uploads\/2024\/03\/EN-Co-Funded-by-the-EU_NEG.png&#8221; title_text=&#8221;EN Co-Funded by the EU_NEG&#8221; _builder_version=&#8221;4.22.1&#8243; _module_preset=&#8221;default&#8221; max_width=&#8221;600px&#8221; global_colors_info=&#8221;{}&#8221;][\/et_pb_image][\/et_pb_column][et_pb_column type=&#8221;1_2&#8243; _builder_version=&#8221;4.27.4&#8243; _module_preset=&#8221;default&#8221; global_colors_info=&#8221;{}&#8221;][et_pb_image src=&#8221;https:\/\/aicy.eu\/wp-content\/uploads\/2025\/10\/SEPIE_erasmus_plus.gif&#8221; title_text=&#8221;SEPIE_erasmus_plus&#8221; align=&#8221;right&#8221; _builder_version=&#8221;4.27.4&#8243; _module_preset=&#8221;default&#8221; width=&#8221;270px&#8221; global_colors_info=&#8221;{}&#8221;][\/et_pb_image][\/et_pb_column][\/et_pb_row][et_pb_row admin_label=&#8221;Row&#8221; _builder_version=&#8221;4.22.1&#8243; background_size=&#8221;initial&#8221; background_position=&#8221;top_left&#8221; background_repeat=&#8221;repeat&#8221; global_colors_info=&#8221;{}&#8221;][et_pb_column type=&#8221;4_4&#8243; _builder_version=&#8221;4.19.5&#8243; _module_preset=&#8221;default&#8221; global_colors_info=&#8221;{}&#8221;][et_pb_text _builder_version=&#8221;4.24.3&#8243; _module_preset=&#8221;default&#8221; text_text_color=&#8221;#f4f4f4&#8243; global_colors_info=&#8221;{}&#8221;]<\/p>\n<p>The project \u201cAI-based Cybersecurity Training with Gamification Techniques\u201d (AICY) is co-funded by the Erasmus+ programme of the European Union (Ref. 2023-1-ES01-KA220-VET-000153926). The content of this website is the sole responsibility of the AICY Partnership and neither the European Commission nor the Spanish Service for the Internationalisation of Education (SEPIE) are responsible for any use that may be made of the information contained therein.<\/p>\n<p>[\/et_pb_text][et_pb_image src=&#8221;https:\/\/aicy.eu\/wp-content\/uploads\/2026\/03\/logo-cc.png&#8221; title_text=&#8221;logo cc&#8221; url=&#8221;https:\/\/creativecommons.org\/licenses\/by-nc\/4.0\/&#8221; align=&#8221;center&#8221; _builder_version=&#8221;4.27.4&#8243; _module_preset=&#8221;default&#8221; global_colors_info=&#8221;{}&#8221; locked=&#8221;off&#8221;][\/et_pb_image][\/et_pb_column][\/et_pb_row][\/et_pb_section]<\/p>\n","protected":false},"excerpt":{"rendered":"<p>KonferanslarKonferans, \u0130talyan ortak Udanet taraf\u0131ndan d\u00fczenlendi. 29 May\u0131s 2025\u2019te Pescara Infobasic Srl\u2019de d\u00fczenlenen konferansa, projenin sonu\u00e7lar\u0131n\u0131 incelemek ve de\u011ferlendirmek \u00fczere 25 ki\u015fi kat\u0131ld\u0131:Konferans, \u0130spanyol ortak Gestionet taraf\u0131ndan d\u00fczenlendi. 9 Haziran 2025 tarihinde Beaz-Bilbao\u2019da d\u00fczenlenen konferansa, projenin sonu\u00e7lar\u0131n\u0131 g\u00f6zden ge\u00e7irmek ve de\u011ferlendirmek \u00fczere 33 ki\u015fi kat\u0131ld\u0131:Konferans, Polonyal\u0131 ortak PRZ taraf\u0131ndan d\u00fczenlendi. 10 Haziran 2025 tarihinde Rzesz\u00f3w\u2019da [&hellip;]<\/p>\n","protected":false},"author":1,"featured_media":0,"parent":0,"menu_order":0,"comment_status":"closed","ping_status":"closed","template":"","meta":{"_et_pb_use_builder":"on","_et_pb_old_content":"","_et_gb_content_width":"","footnotes":""},"class_list":["post-2187","page","type-page","status-publish","hentry"],"yoast_head":"<!-- This site is optimized with the Yoast SEO plugin v27.1.1 - https:\/\/yoast.com\/product\/yoast-seo-wordpress\/ -->\n<title>Konferanslar - Aicy<\/title>\n<meta name=\"robots\" content=\"index, follow, max-snippet:-1, max-image-preview:large, max-video-preview:-1\" \/>\n<link rel=\"canonical\" href=\"https:\/\/aicy.eu\/tr\/conferences\/\" \/>\n<meta property=\"og:locale\" content=\"tr_TR\" \/>\n<meta property=\"og:type\" content=\"article\" \/>\n<meta property=\"og:title\" content=\"Konferanslar - Aicy\" \/>\n<meta property=\"og:description\" content=\"KonferanslarKonferans, \u0130talyan ortak Udanet taraf\u0131ndan d\u00fczenlendi. 29 May\u0131s 2025\u2019te Pescara Infobasic Srl\u2019de d\u00fczenlenen konferansa, projenin sonu\u00e7lar\u0131n\u0131 incelemek ve de\u011ferlendirmek \u00fczere 25 ki\u015fi kat\u0131ld\u0131:Konferans, \u0130spanyol ortak Gestionet taraf\u0131ndan d\u00fczenlendi. 9 Haziran 2025 tarihinde Beaz-Bilbao\u2019da d\u00fczenlenen konferansa, projenin sonu\u00e7lar\u0131n\u0131 g\u00f6zden ge\u00e7irmek ve de\u011ferlendirmek \u00fczere 33 ki\u015fi kat\u0131ld\u0131:Konferans, Polonyal\u0131 ortak PRZ taraf\u0131ndan d\u00fczenlendi. 10 Haziran 2025 tarihinde Rzesz\u00f3w\u2019da [&hellip;]\" \/>\n<meta property=\"og:url\" content=\"https:\/\/aicy.eu\/tr\/conferences\/\" \/>\n<meta property=\"og:site_name\" content=\"Aicy\" \/>\n<meta property=\"article:modified_time\" content=\"2026-03-03T21:46:20+00:00\" \/>\n<meta name=\"twitter:card\" content=\"summary_large_image\" \/>\n<meta name=\"twitter:label1\" content=\"Tahmini okuma s\u00fcresi\" \/>\n\t<meta name=\"twitter:data1\" content=\"8 dakika\" \/>\n<script type=\"application\/ld+json\" class=\"yoast-schema-graph\">{\"@context\":\"https:\/\/schema.org\",\"@graph\":[{\"@type\":\"WebPage\",\"@id\":\"https:\/\/aicy.eu\/tr\/conferences\/\",\"url\":\"https:\/\/aicy.eu\/tr\/conferences\/\",\"name\":\"Konferanslar - Aicy\",\"isPartOf\":{\"@id\":\"https:\/\/aicy.eu\/#website\"},\"datePublished\":\"2025-08-21T15:04:53+00:00\",\"dateModified\":\"2026-03-03T21:46:20+00:00\",\"breadcrumb\":{\"@id\":\"https:\/\/aicy.eu\/tr\/conferences\/#breadcrumb\"},\"inLanguage\":\"tr\",\"potentialAction\":[{\"@type\":\"ReadAction\",\"target\":[\"https:\/\/aicy.eu\/tr\/conferences\/\"]}]},{\"@type\":\"BreadcrumbList\",\"@id\":\"https:\/\/aicy.eu\/tr\/conferences\/#breadcrumb\",\"itemListElement\":[{\"@type\":\"ListItem\",\"position\":1,\"name\":\"Home\",\"item\":\"https:\/\/aicy.eu\/tr\/ana-sayfa\/\"},{\"@type\":\"ListItem\",\"position\":2,\"name\":\"Konferanslar\"}]},{\"@type\":\"WebSite\",\"@id\":\"https:\/\/aicy.eu\/#website\",\"url\":\"https:\/\/aicy.eu\/\",\"name\":\"Aicy\",\"description\":\"\",\"publisher\":{\"@id\":\"https:\/\/aicy.eu\/#organization\"},\"potentialAction\":[{\"@type\":\"SearchAction\",\"target\":{\"@type\":\"EntryPoint\",\"urlTemplate\":\"https:\/\/aicy.eu\/?s={search_term_string}\"},\"query-input\":{\"@type\":\"PropertyValueSpecification\",\"valueRequired\":true,\"valueName\":\"search_term_string\"}}],\"inLanguage\":\"tr\"},{\"@type\":\"Organization\",\"@id\":\"https:\/\/aicy.eu\/#organization\",\"name\":\"Aicy\",\"url\":\"https:\/\/aicy.eu\/\",\"logo\":{\"@type\":\"ImageObject\",\"inLanguage\":\"tr\",\"@id\":\"https:\/\/aicy.eu\/#\/schema\/logo\/image\/\",\"url\":\"https:\/\/aicy.eu\/wp-content\/uploads\/2024\/03\/AICY-Normal-logo.png\",\"contentUrl\":\"https:\/\/aicy.eu\/wp-content\/uploads\/2024\/03\/AICY-Normal-logo.png\",\"width\":493,\"height\":278,\"caption\":\"Aicy\"},\"image\":{\"@id\":\"https:\/\/aicy.eu\/#\/schema\/logo\/image\/\"}}]}<\/script>\n<!-- \/ Yoast SEO plugin. -->","yoast_head_json":{"title":"Konferanslar - Aicy","robots":{"index":"index","follow":"follow","max-snippet":"max-snippet:-1","max-image-preview":"max-image-preview:large","max-video-preview":"max-video-preview:-1"},"canonical":"https:\/\/aicy.eu\/tr\/conferences\/","og_locale":"tr_TR","og_type":"article","og_title":"Konferanslar - Aicy","og_description":"KonferanslarKonferans, \u0130talyan ortak Udanet taraf\u0131ndan d\u00fczenlendi. 29 May\u0131s 2025\u2019te Pescara Infobasic Srl\u2019de d\u00fczenlenen konferansa, projenin sonu\u00e7lar\u0131n\u0131 incelemek ve de\u011ferlendirmek \u00fczere 25 ki\u015fi kat\u0131ld\u0131:Konferans, \u0130spanyol ortak Gestionet taraf\u0131ndan d\u00fczenlendi. 9 Haziran 2025 tarihinde Beaz-Bilbao\u2019da d\u00fczenlenen konferansa, projenin sonu\u00e7lar\u0131n\u0131 g\u00f6zden ge\u00e7irmek ve de\u011ferlendirmek \u00fczere 33 ki\u015fi kat\u0131ld\u0131:Konferans, Polonyal\u0131 ortak PRZ taraf\u0131ndan d\u00fczenlendi. 10 Haziran 2025 tarihinde Rzesz\u00f3w\u2019da [&hellip;]","og_url":"https:\/\/aicy.eu\/tr\/conferences\/","og_site_name":"Aicy","article_modified_time":"2026-03-03T21:46:20+00:00","twitter_card":"summary_large_image","twitter_misc":{"Tahmini okuma s\u00fcresi":"8 dakika"},"schema":{"@context":"https:\/\/schema.org","@graph":[{"@type":"WebPage","@id":"https:\/\/aicy.eu\/tr\/conferences\/","url":"https:\/\/aicy.eu\/tr\/conferences\/","name":"Konferanslar - Aicy","isPartOf":{"@id":"https:\/\/aicy.eu\/#website"},"datePublished":"2025-08-21T15:04:53+00:00","dateModified":"2026-03-03T21:46:20+00:00","breadcrumb":{"@id":"https:\/\/aicy.eu\/tr\/conferences\/#breadcrumb"},"inLanguage":"tr","potentialAction":[{"@type":"ReadAction","target":["https:\/\/aicy.eu\/tr\/conferences\/"]}]},{"@type":"BreadcrumbList","@id":"https:\/\/aicy.eu\/tr\/conferences\/#breadcrumb","itemListElement":[{"@type":"ListItem","position":1,"name":"Home","item":"https:\/\/aicy.eu\/tr\/ana-sayfa\/"},{"@type":"ListItem","position":2,"name":"Konferanslar"}]},{"@type":"WebSite","@id":"https:\/\/aicy.eu\/#website","url":"https:\/\/aicy.eu\/","name":"Aicy","description":"","publisher":{"@id":"https:\/\/aicy.eu\/#organization"},"potentialAction":[{"@type":"SearchAction","target":{"@type":"EntryPoint","urlTemplate":"https:\/\/aicy.eu\/?s={search_term_string}"},"query-input":{"@type":"PropertyValueSpecification","valueRequired":true,"valueName":"search_term_string"}}],"inLanguage":"tr"},{"@type":"Organization","@id":"https:\/\/aicy.eu\/#organization","name":"Aicy","url":"https:\/\/aicy.eu\/","logo":{"@type":"ImageObject","inLanguage":"tr","@id":"https:\/\/aicy.eu\/#\/schema\/logo\/image\/","url":"https:\/\/aicy.eu\/wp-content\/uploads\/2024\/03\/AICY-Normal-logo.png","contentUrl":"https:\/\/aicy.eu\/wp-content\/uploads\/2024\/03\/AICY-Normal-logo.png","width":493,"height":278,"caption":"Aicy"},"image":{"@id":"https:\/\/aicy.eu\/#\/schema\/logo\/image\/"}}]}},"_links":{"self":[{"href":"https:\/\/aicy.eu\/tr\/wp-json\/wp\/v2\/pages\/2187","targetHints":{"allow":["GET"]}}],"collection":[{"href":"https:\/\/aicy.eu\/tr\/wp-json\/wp\/v2\/pages"}],"about":[{"href":"https:\/\/aicy.eu\/tr\/wp-json\/wp\/v2\/types\/page"}],"author":[{"embeddable":true,"href":"https:\/\/aicy.eu\/tr\/wp-json\/wp\/v2\/users\/1"}],"replies":[{"embeddable":true,"href":"https:\/\/aicy.eu\/tr\/wp-json\/wp\/v2\/comments?post=2187"}],"version-history":[{"count":5,"href":"https:\/\/aicy.eu\/tr\/wp-json\/wp\/v2\/pages\/2187\/revisions"}],"predecessor-version":[{"id":2496,"href":"https:\/\/aicy.eu\/tr\/wp-json\/wp\/v2\/pages\/2187\/revisions\/2496"}],"wp:attachment":[{"href":"https:\/\/aicy.eu\/tr\/wp-json\/wp\/v2\/media?parent=2187"}],"curies":[{"name":"wp","href":"https:\/\/api.w.org\/{rel}","templated":true}]}}